{"id":5807,"date":"2024-06-22T04:22:01","date_gmt":"2024-06-22T04:22:01","guid":{"rendered":"https:\/\/www.algarveboatsales.com\/termos-e-condicoes\/"},"modified":"2026-01-12T18:25:46","modified_gmt":"2026-01-12T18:25:46","slug":"termos-e-condicoes","status":"publish","type":"page","link":"https:\/\/www.algarveboatsales.com\/pt-pt\/termos-e-condicoes\/","title":{"rendered":"Termos e Condi\u00e7\u00f5es"},"content":{"rendered":"<div class=\"wpb-content-wrapper\"><p>[vc_row full_width=&#8221;stretch_row_content_no_spaces&#8221; content_placement=&#8221;middle&#8221; css=&#8221;.vc_custom_1719028777233{margin-top: 0px !important;padding-top: 140px !important;padding-bottom: 140px !important;background-image: url(http:\/\/www.algarveboatsales.com\/wp-content\/uploads\/2024\/06\/SPX_main_hero-1-scaled.jpg?id=3511) !important;background-position: center !important;background-repeat: no-repeat !important;background-size: cover !important;}&#8221; el_id=&#8221;oferta&#8221;][vc_column][vc_custom_heading source=&#8221;post_title&#8221; font_container=&#8221;tag:h2|text_align:center|color:%23ffffff&#8221; use_theme_fonts=&#8221;yes&#8221; css=&#8221;&#8221;][stm_color_separator css=&#8221;.vc_custom_1445510911464{margin-top: 17px !important;margin-bottom: 25px !important;}&#8221;][\/vc_column][\/vc_row][vc_row equal_height=&#8221;yes&#8221; content_placement=&#8221;middle&#8221; css=&#8221;.vc_custom_1718264870161{margin-top: 40px !important;margin-bottom: 70px !important;}&#8221; el_class=&#8221;AboutRow&#8221;][vc_column el_class=&#8221;stm-col-pad-right&#8221;][vc_column_text css=&#8221;&#8221;]<\/p>\n<h2><strong>Termos e Condi\u00e7\u00f5es<\/strong><\/h2>\n<p>Bem-vindo(a) ao algarveboatsales.com!<\/p>\n<p>Estes termos e condi\u00e7\u00f5es descrevem as regras e regulamentos para o uso do Website da Algarve Boat Sales, localizado em http:\/\/algarveboatsales.com\/.<\/p>\n<p>Ao aceder a este website, assumimos que aceita estes termos e condi\u00e7\u00f5es. N\u00e3o continue a utilizar algarveboatsales.com se n\u00e3o concordar com todos os termos e condi\u00e7\u00f5es declarados nesta p\u00e1gina. <\/p>\n<p>A seguinte terminologia aplica-se a estes Termos e Condi\u00e7\u00f5es, Declara\u00e7\u00e3o de Privacidade e Aviso de Isen\u00e7\u00e3o de Responsabilidade e a todos os Acordos: &#8220;Cliente&#8221;, &#8220;Voc\u00ea&#8221; e &#8220;Seu\/Sua&#8221; referem-se a si, a pessoa que inicia sess\u00e3o neste website e que cumpre os termos e condi\u00e7\u00f5es da Empresa. &#8220;A Empresa&#8221;, &#8220;N\u00f3s&#8221;, &#8220;Nosso\/Nossa&#8221; e &#8220;Connosco&#8221; referem-se \u00e0 nossa Empresa. &#8220;Parte&#8221;, &#8220;Partes&#8221; ou &#8220;N\u00f3s&#8221; referem-se tanto ao Cliente como a n\u00f3s pr\u00f3prios. Todos os termos referem-se \u00e0 oferta, aceita\u00e7\u00e3o e considera\u00e7\u00e3o do pagamento necess\u00e1rio para empreender o processo da nossa assist\u00eancia ao Cliente da forma mais adequada para o prop\u00f3sito expresso de satisfazer as necessidades do Cliente no que diz respeito \u00e0 presta\u00e7\u00e3o dos servi\u00e7os declarados da Empresa, em conformidade com e sujeito \u00e0 lei vigente de pt. Qualquer uso da terminologia acima ou outras palavras no singular, plural, capitaliza\u00e7\u00e3o e\/ou ele\/ela ou eles\/elas, s\u00e3o tomadas como intermut\u00e1veis e, portanto, como referindo-se ao mesmo.    <\/p>\n<h3><strong>Cookies<\/strong><\/h3>\n<p>Utilizamos cookies. Ao aceder a algarveboatsales.com, concorda em utilizar cookies de acordo com a Pol\u00edtica de Privacidade da Algarve Boat Sales. <\/p>\n<p>A maioria dos websites interativos utiliza cookies para nos permitir recuperar os detalhes do utilizador para cada visita. Os cookies s\u00e3o utilizados pelo nosso website para ativar a funcionalidade de certas \u00e1reas, a fim de facilitar a utiliza\u00e7\u00e3o do nosso website pelos utilizadores. Alguns dos nossos parceiros afiliados\/de publicidade tamb\u00e9m podem utilizar cookies.  <\/p>\n<h3><strong>Licen\u00e7a<\/strong><\/h3>\n<p>Salvo indica\u00e7\u00e3o em contr\u00e1rio, a Algarve Boat Sales e\/ou os seus licenciadores det\u00eam os direitos de propriedade intelectual de todo o material em algarveboatsales.com. Todos os direitos de propriedade intelectual s\u00e3o reservados. Pode aceder a este conte\u00fado de algarveboatsales.com para o seu uso pessoal, sujeito \u00e0s restri\u00e7\u00f5es estabelecidas nestes termos e condi\u00e7\u00f5es.  <\/p>\n<p>N\u00e3o deve:<\/p>\n<ul>\n<li>Republicar material de algarveboatsales.com<\/li>\n<li>Vender, alugar ou sublicenciar material de algarveboatsales.com<\/li>\n<li>Reproduzir, duplicar ou copiar material de algarveboatsales.com<\/li>\n<li>Redistribuir conte\u00fado de algarveboatsales.com<\/li>\n<\/ul>\n<p>Este Acordo ter\u00e1 in\u00edcio na data do presente. Os nossos Termos e Condi\u00e7\u00f5es foram criados com a ajuda do <a href=\"https:\/\/www.termsandconditionsgenerator.com\/\">Gerador de Termos e Condi\u00e7\u00f5es Gratuitos<\/a>. <\/p>\n<p>Partes deste website oferecem uma oportunidade para os utilizadores publicarem e trocarem opini\u00f5es e informa\u00e7\u00f5es em certas \u00e1reas do website. A Algarve Boat Sales n\u00e3o filtra, edita, publica ou rev\u00ea os Coment\u00e1rios antes da sua presen\u00e7a no website. Os Coment\u00e1rios n\u00e3o refletem as opini\u00f5es e os pontos de vista da Algarve Boat Sales, dos seus agentes e\/ou afiliados. Os Coment\u00e1rios refletem as opini\u00f5es e os pontos de vista da pessoa que publica os seus pontos de vista e opini\u00f5es. Na medida do permitido pelas leis aplic\u00e1veis, a Algarve Boat Sales n\u00e3o ser\u00e1 respons\u00e1vel pelos Coment\u00e1rios ou por qualquer responsabilidade, danos ou despesas causados e\/ou sofridos como resultado de qualquer uso e\/ou publica\u00e7\u00e3o e\/ou apar\u00eancia dos Coment\u00e1rios neste website.    <\/p>\n<p>A Algarve Boat Sales reserva-se o direito de monitorizar todos os Coment\u00e1rios e de remover quaisquer Coment\u00e1rios que possam ser considerados inadequados, ofensivos ou que causem viola\u00e7\u00e3o destes Termos e Condi\u00e7\u00f5es.<\/p>\n<p>Garante e declara que:<\/p>\n<ul>\n<li>Tem o direito de publicar os Coment\u00e1rios no nosso website e tem todas as licen\u00e7as e consentimentos necess\u00e1rios para o fazer;<\/li>\n<li>Os Coment\u00e1rios n\u00e3o invadem nenhum direito de propriedade intelectual, incluindo, sem limita\u00e7\u00e3o, direitos de autor, patentes ou marcas registadas de terceiros;<\/li>\n<li>Os Coment\u00e1rios n\u00e3o cont\u00eam nenhum material difamat\u00f3rio, calunioso, ofensivo, indecente ou de outra forma ilegal que seja uma invas\u00e3o de privacidade<\/li>\n<li>Os Coment\u00e1rios n\u00e3o ser\u00e3o utilizados para solicitar ou promover neg\u00f3cios ou costumes ou apresentar atividades comerciais ou atividades ilegais.<\/li>\n<\/ul>\n<p>Por este meio, concede \u00e0 Algarve Boat Sales uma licen\u00e7a n\u00e3o exclusiva para utilizar, reproduzir, editar e autorizar outros a utilizar, reproduzir e editar qualquer um dos seus Coment\u00e1rios em qualquer e todas as formas, formatos ou meios de comunica\u00e7\u00e3o.<\/p>\n<h3><strong>Hiperliga\u00e7\u00e3o ao nosso Conte\u00fado<\/strong><\/h3>\n<p>As seguintes organiza\u00e7\u00f5es podem criar hiperliga\u00e7\u00f5es para o nosso Website sem aprova\u00e7\u00e3o pr\u00e9via por escrito:<\/p>\n<ul>\n<li>Ag\u00eancias governamentais;<\/li>\n<li>Motores de busca;<\/li>\n<li>Organiza\u00e7\u00f5es de not\u00edcias;<\/li>\n<li>Os distribuidores de diret\u00f3rios online podem criar hiperliga\u00e7\u00f5es para o nosso Website da mesma forma que criam hiperliga\u00e7\u00f5es para os Websites de outras empresas listadas; e<\/li>\n<li>Empresas Acreditadas em todo o sistema, exceto organiza\u00e7\u00f5es sem fins lucrativos, centros comerciais de benefic\u00eancia e grupos de angaria\u00e7\u00e3o de fundos de benefic\u00eancia que n\u00e3o podem criar hiperliga\u00e7\u00f5es para o nosso Website.<\/li>\n<\/ul>\n<p>Estas organiza\u00e7\u00f5es podem criar hiperliga\u00e7\u00f5es para a nossa p\u00e1gina inicial, para publica\u00e7\u00f5es ou para outras informa\u00e7\u00f5es do Website, desde que a hiperliga\u00e7\u00e3o: (a) n\u00e3o seja de forma alguma enganosa; (b) n\u00e3o implique falsamente patroc\u00ednio, endosso ou aprova\u00e7\u00e3o da parte que cria a hiperliga\u00e7\u00e3o e dos seus produtos e\/ou servi\u00e7os; e (c) se enquadre no contexto do site da parte que cria a hiperliga\u00e7\u00e3o.   <\/p>\n<p>Podemos considerar e aprovar outros pedidos de hiperliga\u00e7\u00e3o dos seguintes tipos de organiza\u00e7\u00f5es:<\/p>\n<ul>\n<li>fontes de informa\u00e7\u00e3o empresarial e\/ou de consumo geralmente conhecidas;<\/li>\n<li>sites da comunidade dot.com;<\/li>\n<li>associa\u00e7\u00f5es ou outros grupos que representam institui\u00e7\u00f5es de caridade;<\/li>\n<li>distribuidores de diret\u00f3rios online;<\/li>\n<li>portais de internet;<\/li>\n<li>empresas de contabilidade, direito e consultoria; e<\/li>\n<li>institui\u00e7\u00f5es de ensino e associa\u00e7\u00f5es comerciais.<\/li>\n<\/ul>\n<p>Aprovamos pedidos de hiperliga\u00e7\u00e3o destas organiza\u00e7\u00f5es se decidirmos que: (a) a hiperliga\u00e7\u00e3o n\u00e3o nos faria parecer desfavor\u00e1veis a n\u00f3s pr\u00f3prios ou \u00e0s nossas empresas acreditadas; (b) a organiza\u00e7\u00e3o n\u00e3o tem quaisquer registos negativos connosco; (c) o benef\u00edcio para n\u00f3s da visibilidade da hiperliga\u00e7\u00e3o compensa a aus\u00eancia da Algarve Boat Sales; e (d) a hiperliga\u00e7\u00e3o est\u00e1 no contexto de informa\u00e7\u00f5es gerais de recursos.    <\/p>\n<p>Estas organiza\u00e7\u00f5es podem criar hiperliga\u00e7\u00f5es para a nossa p\u00e1gina inicial, desde que a hiperliga\u00e7\u00e3o: (a) n\u00e3o seja de forma alguma enganosa; (b) n\u00e3o implique falsamente patroc\u00ednio, endosso ou aprova\u00e7\u00e3o da parte que cria a hiperliga\u00e7\u00e3o e dos seus produtos ou servi\u00e7os; e (c) se enquadre no contexto do site da parte que cria a hiperliga\u00e7\u00e3o.   <\/p>\n<p>Se \u00e9 uma das organiza\u00e7\u00f5es listadas no par\u00e1grafo 2 acima e est\u00e1 interessado em criar uma hiperliga\u00e7\u00e3o para o nosso website, deve informar-nos enviando um e-mail para a Algarve Boat Sales. Inclua o seu nome, o nome da sua organiza\u00e7\u00e3o, informa\u00e7\u00f5es de contacto, bem como o URL do seu site, uma lista de quaisquer URLs a partir dos quais pretende criar uma hiperliga\u00e7\u00e3o para o nosso Website e uma lista dos URLs no nosso site para os quais gostaria de criar uma hiperliga\u00e7\u00e3o. Aguarde 2-3 semanas por uma resposta.  <\/p>\n<p>As organiza\u00e7\u00f5es aprovadas podem criar hiperliga\u00e7\u00f5es para o nosso Website da seguinte forma:<\/p>\n<ul>\n<li>Pelo uso do nosso nome corporativo; ou<\/li>\n<li>Pelo uso do localizador uniforme de recursos para o qual est\u00e1 a ser criada a hiperliga\u00e7\u00e3o; ou<\/li>\n<li>Pelo uso de qualquer outra descri\u00e7\u00e3o do nosso Website para o qual est\u00e1 a ser criada a hiperliga\u00e7\u00e3o que fa\u00e7a sentido dentro do contexto e formato do conte\u00fado no site da parte que cria a hiperliga\u00e7\u00e3o.<\/li>\n<\/ul>\n<p>N\u00e3o ser\u00e1 permitido o uso do log\u00f3tipo ou outra arte da Algarve Boat Sales para criar hiperliga\u00e7\u00f5es sem um acordo de licen\u00e7a de marca registada.<\/p>\n<h3><strong>iFrames<\/strong><\/h3>\n<p>Sem aprova\u00e7\u00e3o pr\u00e9via e permiss\u00e3o por escrito, n\u00e3o pode criar frames em torno das nossas p\u00e1ginas Web que alterem de alguma forma a apresenta\u00e7\u00e3o visual ou a apar\u00eancia do nosso Website.<\/p>\n<h3><strong>Responsabilidade pelo Conte\u00fado<\/strong><\/h3>\n<p>N\u00e3o seremos responsabilizados por qualquer conte\u00fado que apare\u00e7a no seu Website. Concorda em proteger-nos e defender-nos contra todas as reclama\u00e7\u00f5es que surjam no seu Website. Nenhuma hiperliga\u00e7\u00e3o deve aparecer em qualquer Website que possa ser interpretado como difamat\u00f3rio, obsceno ou criminoso, ou que infrinja, de outra forma viole ou defenda a infra\u00e7\u00e3o ou outra viola\u00e7\u00e3o de quaisquer direitos de terceiros.  <\/p>\n<h3><strong>Reserva de Direitos<\/strong><\/h3>\n<p>Reservamo-nos o direito de solicitar que remova todas as hiperliga\u00e7\u00f5es ou qualquer hiperliga\u00e7\u00e3o espec\u00edfica para o nosso Website. Concorda em remover imediatamente todas as hiperliga\u00e7\u00f5es para o nosso Website mediante solicita\u00e7\u00e3o. Tamb\u00e9m nos reservamos o direito de alterar estes termos e condi\u00e7\u00f5es e a sua pol\u00edtica de hiperliga\u00e7\u00f5es a qualquer momento. Ao criar continuamente hiperliga\u00e7\u00f5es para o nosso Website, concorda em estar vinculado e seguir estes termos e condi\u00e7\u00f5es de hiperliga\u00e7\u00e3o.   <\/p>\n<h3><strong>Remo\u00e7\u00e3o de hiperliga\u00e7\u00f5es do nosso website<\/strong><\/h3>\n<p>Se encontrar alguma hiperliga\u00e7\u00e3o no nosso Website que seja ofensiva por qualquer motivo, pode contactar-nos e informar-nos a qualquer momento. Consideraremos os pedidos para remover hiperliga\u00e7\u00f5es, mas n\u00e3o somos obrigados a faz\u00ea-lo ou a responder-lhe diretamente. <\/p>\n<p>N\u00e3o garantimos que as informa\u00e7\u00f5es neste website estejam corretas, n\u00e3o garantimos a sua integridade ou precis\u00e3o; nem prometemos garantir que o website permane\u00e7a dispon\u00edvel ou que o material no website seja mantido atualizado.<\/p>\n<h3><strong>Isen\u00e7\u00e3o de Responsabilidade<\/strong><\/h3>\n<p>Na medida m\u00e1xima permitida pela lei aplic\u00e1vel, exclu\u00edmos todas as representa\u00e7\u00f5es, garantias e condi\u00e7\u00f5es relativas ao nosso website e ao uso deste website. Nada nesta isen\u00e7\u00e3o de responsabilidade ir\u00e1: <\/p>\n<ul>\n<li>limitar ou excluir a nossa ou a sua responsabilidade por morte ou danos pessoais;<\/li>\n<li>limitar ou excluir a nossa ou a sua responsabilidade por fraude ou deturpa\u00e7\u00e3o fraudulenta;<\/li>\n<li>limitar qualquer uma das nossas ou das suas responsabilidades de qualquer forma que n\u00e3o seja permitida pela lei aplic\u00e1vel; ou<\/li>\n<li>excluir qualquer uma das nossas ou das suas responsabilidades que n\u00e3o possam ser exclu\u00eddas pela lei aplic\u00e1vel.<\/li>\n<\/ul>\n<p>As limita\u00e7\u00f5es e proibi\u00e7\u00f5es de responsabilidade estabelecidas nesta Sec\u00e7\u00e3o e noutras partes desta isen\u00e7\u00e3o de responsabilidade: (a) est\u00e3o sujeitas ao par\u00e1grafo anterior; e (b) regem todas as responsabilidades decorrentes da isen\u00e7\u00e3o de responsabilidade, incluindo as responsabilidades decorrentes de contrato, delito e viola\u00e7\u00e3o do dever legal.  <\/p>\n<p>Enquanto o website e as informa\u00e7\u00f5es e servi\u00e7os no website forem fornecidos gratuitamente, n\u00e3o seremos respons\u00e1veis por qualquer perda ou dano de qualquer natureza.[\/vc_column_text][\/vc_column][\/vc_row]<\/p>\n<\/div>","protected":false},"excerpt":{"rendered":"<p>[vc_row full_width=&#8221;stretch_row_content_no_spaces&#8221; content_placement=&#8221;middle&#8221; css=&#8221;.vc_custom_1719028777233{margin-top: 0px !important;padding-top: 140px !important;padding-bottom: 140px !important;background-image: url(http:\/\/www.algarveboatsales.com\/wp-content\/uploads\/2024\/06\/SPX_main_hero-1-scaled.jpg?id=3511) !important;background-position: center !important;background-repeat: no-repeat !important;background-size: cover !important;}&#8221; el_id=&#8221;oferta&#8221;][vc_column][vc_custom_heading source=&#8221;post_title&#8221; font_container=&#8221;tag:h2|text_align:center|color:%23ffffff&#8221; use_theme_fonts=&#8221;yes&#8221; css=&#8221;&#8221;][stm_color_separator css=&#8221;.vc_custom_1445510911464{margin-top: 17px !important;margin-bottom: 25px !important;}&#8221;][\/vc_column][\/vc_row][vc_row equal_height=&#8221;yes&#8221; content_placement=&#8221;middle&#8221; css=&#8221;.vc_custom_1718264870161{margin-top: 40px !important;margin-bottom: 70px !important;}&#8221; el_class=&#8221;AboutRow&#8221;][vc_column el_class=&#8221;stm-col-pad-right&#8221;][vc_column_text css=&#8221;&#8221;] Termos e Condi\u00e7\u00f5es Bem-vindo(a) ao algarveboatsales.com! Estes termos e condi\u00e7\u00f5es descrevem as regras e regulamentos para o&#8230;<\/p>\n","protected":false},"author":6,"featured_media":0,"parent":0,"menu_order":0,"comment_status":"closed","ping_status":"closed","template":"","meta":{"footnotes":""},"class_list":["post-5807","page","type-page","status-publish","hentry"],"jetpack_sharing_enabled":true,"_links":{"self":[{"href":"https:\/\/www.algarveboatsales.com\/pt-pt\/wp-json\/wp\/v2\/pages\/5807","targetHints":{"allow":["GET"]}}],"collection":[{"href":"https:\/\/www.algarveboatsales.com\/pt-pt\/wp-json\/wp\/v2\/pages"}],"about":[{"href":"https:\/\/www.algarveboatsales.com\/pt-pt\/wp-json\/wp\/v2\/types\/page"}],"author":[{"embeddable":true,"href":"https:\/\/www.algarveboatsales.com\/pt-pt\/wp-json\/wp\/v2\/users\/6"}],"replies":[{"embeddable":true,"href":"https:\/\/www.algarveboatsales.com\/pt-pt\/wp-json\/wp\/v2\/comments?post=5807"}],"version-history":[{"count":1,"href":"https:\/\/www.algarveboatsales.com\/pt-pt\/wp-json\/wp\/v2\/pages\/5807\/revisions"}],"predecessor-version":[{"id":5810,"href":"https:\/\/www.algarveboatsales.com\/pt-pt\/wp-json\/wp\/v2\/pages\/5807\/revisions\/5810"}],"wp:attachment":[{"href":"https:\/\/www.algarveboatsales.com\/pt-pt\/wp-json\/wp\/v2\/media?parent=5807"}],"curies":[{"name":"wp","href":"https:\/\/api.w.org\/{rel}","templated":true}]}}