{"id":5801,"date":"2024-06-22T05:09:02","date_gmt":"2024-06-22T05:09:02","guid":{"rendered":"https:\/\/www.algarveboatsales.com\/spx-24\/"},"modified":"2026-01-12T18:25:48","modified_gmt":"2026-01-12T18:25:48","slug":"spx-24","status":"publish","type":"page","link":"https:\/\/www.algarveboatsales.com\/pt-pt\/spx-24\/","title":{"rendered":"SPX 24"},"content":{"rendered":"<div class=\"wpb-content-wrapper\"><p>[vc_row full_width=&#8221;stretch_row_content_no_spaces&#8221; content_placement=&#8221;middle&#8221; css=&#8221;.vc_custom_1719038301412{padding-top: 140px !important;padding-bottom: 140px !important;background: #131313 url(http:\/\/www.algarveboatsales.com\/wp-content\/uploads\/2024\/06\/Screenshot_2.png?id=3787) !important;background-position: center !important;background-repeat: no-repeat !important;background-size: contain !important;}&#8221; el_id=&#8221;oferta&#8221;][vc_column][vc_custom_heading source=&#8221;post_title&#8221; font_container=&#8221;tag:h2|text_align:center|color:%23ffffff&#8221; use_theme_fonts=&#8221;yes&#8221; css=&#8221;&#8221;][stm_color_separator css=&#8221;.vc_custom_1445510911464{margin-top: 17px !important;margin-bottom: 25px !important;}&#8221;][\/vc_column][\/vc_row][vc_row full_width=&#8221;stretch_row&#8221; css=&#8221;.vc_custom_1719033685113{padding-top: 80px !important;padding-bottom: 80px !important;background-color: #fafafa !important;}&#8221;][vc_column][vc_custom_heading text=&#8221;PRE\u00c7O A PARTIR DE 82.950 \u20ac INC. IVA&#8221; font_container=&#8221;tag:h3|text_align:center|color:%23f10404&#8243; google_fonts=&#8221;font_family:Montserrat%3Aregular%2C700|font_style:700%20bold%20regular%3A700%3Anormal&#8221; css=&#8221;&#8221;][vc_raw_html css=&#8221;&#8221; el_class=&#8221;spx24&#8243;]IDx0YWJsZT4KICAgICAgICA8Y2FwdGlvbj5BU1BFVE9TIFBSSU5DSVBBSVM8L2NhcHRpb24+CiAgICAgICAKICAgICAgICA8dHI+CiAgICAgICAgICAgIDx0ZD5Db21wcmltZW50byAoQy5PLkEuKTwvdGQ+CiAgICAgICAgICAgIDx0ZD43LDQ4IG08L3RkPgogICAgICAgIDwvdHI+CiAgICAgICAgPHRyPgogICAgICAgICAgICA8dGQ+Qm9jYTwvdGQ+CiAgICAgICAgICAgIDx0ZD4yLDggbTwvdGQ+CiAgICAgICAgPC90cj4KICAgICAgICA8dHI+CiAgICAgICAgICAgIDx0ZD5QZXNvPC90ZD4KICAgICAgICAgICAgPHRkPjk1MCBrZzwvdGQ+CiAgICAgICAgPC90cj4KICAgICAgICA8dHI+CiAgICAgICAgICAgIDx0ZD5DYXBhY2lkYWRlPC90ZD4KICAgICAgICAgICAgPHRkPjE0IHBlc3NvYXM8L3RkPgogICAgICAgIDwvdHI+CiAgICAgICAgPHRyPgogICAgICAgICAgICA8dGQ+RGnDom1ldHJvIGRvIHR1Ym88L3RkPgogICAgICAgICAgICA8dGQ+NTMgY208L3RkPgogICAgICAgIDwvdHI+CiAgICAgICAgPHRyPgogICAgICAgICAgICA8dGQ+UG90w6puY2lhIG3DoXguIChDVik8L3RkPgogICAgICAgICAgICA8dGQ+MzAwIENWL0hQPC90ZD4KICAgICAgICA8L3RyPgogICAgICAgIDx0cj4KICAgICAgICAgICAgPHRkPlBvdMOqbmNpYSBtw61uLiAoQ1YpPC90ZD4KICAgICAgICAgICAgPHRkPjE1MCBDVi9IUDwvdGQ+CiAgICAgICAgPC90cj4KICAgICAgICA8dHI+CiAgICAgICAgICAgIDx0ZD5Qb3TDqm5jaWEgcmVjLiAoQ1YpPC90ZD4KICAgICAgICAgICAgPHRkPjIwMCBDVi9IUDwvdGQ+CiAgICAgICAgPC90cj4KICAgICAgICA8dHI+CiAgICAgICAgICAgIDx0ZD5DYXRlZ29yaWEgZGUgZGVzaWduPC90ZD4KICAgICAgICAgICAgPHRkPkNhdGVnb3JpYSBCPC90ZD4KICAgICAgICA8L3RyPgogICAgPC90YWJsZT4=[\/vc_raw_html][\/vc_column][\/vc_row][vc_row equal_height=&#8221;yes&#8221; content_placement=&#8221;middle&#8221; css=&#8221;.vc_custom_1718419169359{margin-top: 40px !important;margin-bottom: 70px !important;padding-top: 40px !important;padding-bottom: 40px !important;}&#8221; el_class=&#8221;AboutRow&#8221;][vc_column width=&#8221;1\/2&#8243; el_class=&#8221;stm-col-pad-right&#8221;][vc_single_image image=&#8221;3255&#8243; img_size=&#8221;large&#8221; css=&#8221;.vc_custom_1719035164757{margin-bottom: 0px !important;}&#8221;][\/vc_column][vc_column width=&#8221;1\/2&#8243; el_class=&#8221;stm-col-pad-left&#8221;][vc_column_text css=&#8221;&#8221;]No interior da consola, existe um pequeno vesti\u00e1rio\/\u00e1rea que pode ser equipado com uma sanita, mediante pedido. As grandes plataformas de popa facilitam o acesso \u00e0 \u00e1gua para nadar. O casco \u2013 em V profundo, s\u00f3lido e fluido \u2013 \u00e9 tamb\u00e9m um dos grandes sucessos deste ambicioso projeto. Est\u00e1vel, r\u00e1pido e seguro, permite atingir velocidades superiores a 50 n\u00f3s com os motores de melhor desempenho. O potencial de personaliza\u00e7\u00e3o do barco \u2013 uma pequena e verdadeira marca de luxo ao alcance de muitos entusiastas do mar \u2013 \u00e9 praticamente ilimitado. Por exemplo, pode personalizar a cor do revestimento de gel, tubos, teca, almofadas, etc., bem como escolher uma barra de prote\u00e7\u00e3o em fibra de vidro ou a\u00e7o&#8230; e, na verdade, tentaremos construir tudo o que pedir. Basta perguntar!       <br \/>\n[\/vc_column_text][\/vc_column][\/vc_row][vc_row full_width=&#8221;stretch_row&#8221; equal_height=&#8221;yes&#8221; content_placement=&#8221;middle&#8221; css=&#8221;.vc_custom_1718419703234{margin-top: 40px !important;margin-bottom: 70px !important;padding-top: 80px !important;padding-bottom: 80px !important;background-color: #fafafa !important;}&#8221; el_class=&#8221;AboutRow&#8221;][vc_column width=&#8221;1\/2&#8243; el_class=&#8221;stm-col-pad-right&#8221;][vc_column_text css=&#8221;&#8221;]Com 7,5 m, o SPX 24 \u00e9 o menor da gama SPX 2023, mas isso n\u00e3o significa qualquer diminui\u00e7\u00e3o da qualidade. Utilizando as melhores mat\u00e9rias-primas (como resinas de vinil e revestimento de gel de neopentil), destaca-se pelas suas linhas puras e inovadoras, pela sua utiliza\u00e7\u00e3o do espa\u00e7o e pela aten\u00e7\u00e3o a todos os detalhes m\u00ednimos que s\u00f3 se encontram em barcos com acabamentos de alta qualidade. <br \/>\n[\/vc_column_text][vc_column_text css=&#8221;&#8221;]O perfil desportivo do barco, aerodin\u00e2mico e de aspeto cl\u00e1ssico, \u00e9 complementado por um conforto e ergonomia excecionais no posto do leme, nos servi\u00e7os e na \u00e1rea do conv\u00e9s. O grande sol\u00e1rio de popa, coordenado com o encosto rebat\u00edvel do sof\u00e1 (na vers\u00e3o desportiva), pode ser configurado em poucos segundos em tr\u00eas variantes, ocultando um enorme cacifo no interior. Na proa, um outro grande sol\u00e1rio est\u00e1 ligado a outro cacifo de f\u00e1cil acesso, oferecendo ainda mais espa\u00e7o de arruma\u00e7\u00e3o. O assento do leme disp\u00f5e n\u00e3o s\u00f3 de uma mesa rebat\u00edvel, mas tamb\u00e9m de um lava-loi\u00e7a e um frigor\u00edfico de cockpit opcional. A consola de dire\u00e7\u00e3o, simples no seu design moderno, \u00e9 ergon\u00f3mica e funcional. Pode ser equipada com tudo o que necessita para navegar em seguran\u00e7a no barco.<br \/>O SPX 24 est\u00e1 dispon\u00edvel com dois layouts de conv\u00e9s \u2013 o Modelo Sport e o Modelo Dinette. O modelo Sport apresenta um grande sol\u00e1rio traseiro com um espa\u00e7oso cacifo por baixo, que pode acomodar uma \u00e1rea de cama opcional. O Sport tem uma passagem para as plataformas traseiras no lado estibordo do barco. O layout Dinette oferece dois bancos ou espregui\u00e7adeiras em ambos os lados do conv\u00e9s com uma passagem central para as plataformas traseiras.[\/vc_column_text][\/vc_column][vc_column width=&#8221;1\/2&#8243; el_class=&#8221;stm-col-pad-left&#8221;][vc_single_image image=&#8221;3266&#8243; img_size=&#8221;large&#8221; css=&#8221;.vc_custom_1719035297336{margin-bottom: 0px !important;}&#8221; stm_fancybox=&#8221;yes&#8221;][\/vc_column][\/vc_row][vc_row css=&#8221;.vc_custom_1719036257017{padding-bottom: 62px !important;}&#8221;][vc_column][vc_tta_tabs][vc_tta_section title=&#8221;Carater\u00edstica padr\u00e3o&#8221; tab_id=&#8221;1719035360998-ad7c3937-6559&#8243;][vc_row_inner][vc_column_inner width=&#8221;1\/3&#8243; css=&#8221;.vc_custom_1719035919298{padding-top: 10px !important;padding-right: 10px !important;padding-bottom: 10px !important;padding-left: 10px !important;}&#8221;][vc_raw_html css=&#8221;&#8221;]PHVsIGNsYXNzPSJsaXN0LXN0eWxlLTIiPgogICAgICAgIDxsaT5Db25zb2xhIGRlIGRpcmXDp8OjbyBjb20gdmVzdGnDoXJpbzwvbGk+CiAgICAgICAgPGxpPkFsbW9mYWRhcyBjb21wbGV0YXM8L2xpPgogICAgICAgIDxsaT5MYXZhdMOzcmlvIGNvbXBsZXRvIGNvbSB0b3JuZWlyYSBtaXN0dXJhZG9yYTwvbGk+CiAgICAgICAgPGxpPkJvbWJhIGRlIGVzZ290byBlbMOpdHJpY2E8L2xpPgogICAgICAgIDxsaT5Cw7pzc29sYSByZXRyb2lsdW1pbmFkYTwvbGk+CiAgICAgICAgPGxpPkN1bmhvcyBkZSBhbWFycmHDp8OjbyBkZSBwb3BhICgyKTwvbGk+CiAgICAgICAgPGxpPkx1emVzIGRlIG5hdmVnYcOnw6NvPC9saT4KICAgIDwvdWw+[\/vc_raw_html][\/vc_column_inner][vc_column_inner width=&#8221;1\/3&#8243; css=&#8221;.vc_custom_1719035929939{padding-top: 10px !important;padding-right: 10px !important;padding-bottom: 10px !important;padding-left: 10px !important;}&#8221;][vc_raw_html css=&#8221;&#8221;]PHVsIGNsYXNzPSJsaXN0LXN0eWxlLTIiPgogICAgICAgPGxpPlNpc3RlbWEgZGUgZHVjaGUgY29tIGRlcMOzc2l0byBkZSDDoWd1YSBkb2NlIGludGVncmFkbzwvbGk+CiAgICAgICAgPGxpPkVzY2FkYSBkb2Jyw6F2ZWwgZW0gYcOnbyBpbm94aWTDoXZlbDwvbGk+CiAgICAgICAgPGxpPkZyaWdvcsOtZmljbyBkbyBjb2NrcGl0IHByb250bzwvbGk+CiAgICAgICAgPGxpPklsdW1pbmHDp8OjbyBMRUQgY29tcGxldGE8L2xpPgogICAgICAgIDxsaT5NZXNhIGRlIHBvcGEgKHRlY2Egb3UgZmlicmEpPC9saT4KICAgICAgICA8bGk+UGxhdGFmb3JtYXMgZGUgcG9wYSBjb20gcGlzbyBlbSB0ZWNhIHNpbnTDqXRpY2E8L2xpPgogICAgPC91bD4=[\/vc_raw_html][\/vc_column_inner][vc_column_inner width=&#8221;1\/3&#8243; css=&#8221;.vc_custom_1719035939306{padding-top: 10px !important;padding-right: 10px !important;padding-bottom: 10px !important;padding-left: 10px !important;}&#8221;][vc_raw_html css=&#8221;&#8221;]PHVsIGNsYXNzPSJsaXN0LXN0eWxlLTIiPgogICAgICAgIDxsaT5TaXN0ZW1hIGVsw6l0cmljbyBlIHBhaW5lbCBjb21wbGV0b3M8L2xpPgogICAgICAgIDxsaT5Wb2xhbnRlIGUgZGlyZcOnw6NvIGhpZHLDoXVsaWNhPC9saT4KICAgICAgICA8bGk+UHJvbnRvIHBhcmEgbW9saW5ldGUgZWzDqXRyaWNvPC9saT4KICAgICAgICA8bGk+QnV6aW5hPC9saT4KICAgICAgICA8bGk+UHJvYSBjb20gY3VuaG9zIGUgcm9sbyBkZSBhw6dvIGlub3hpZMOhdmVsPC9saT4KICAgICAgICA8bGk+w4FyZWEgZGUgcG9wYSBlbSB0ZWNhIHNpbnTDqXRpY2E8L2xpPgogICAgPC91bD4=[\/vc_raw_html][\/vc_column_inner][\/vc_row_inner][\/vc_tta_section][vc_tta_section title=&#8221;Extras opcionais&#8221; tab_id=&#8221;1719035949441-3fc80e7b-8808&#8243;][vc_row_inner][vc_column_inner width=&#8221;1\/3&#8243; css=&#8221;.vc_custom_1719035919298{padding-top: 10px !important;padding-right: 10px !important;padding-bottom: 10px !important;padding-left: 10px !important;}&#8221;][vc_raw_html css=&#8221;&#8221;]PHVsIGNsYXNzPSJsaXN0LXN0eWxlLTIiPgogICAgICAgIDxsaT5DYXBhIGRhIGNvbnNvbGE8L2xpPgogICAgICAgIDxsaT5HYW5jaG9zIGRlIGVsZXZhw6fDo28gZSBraXRzIGRlIHN1c3BlbnPDo288L2xpPgogICAgICAgIDxsaT5TYW5pdGEgcXXDrW1pY2EgbWFyw610aW1hIG5vIGludGVyaW9yIGRhIGNhYmluZTwvbGk+CiAgICAgICAgPGxpPlN1cG9ydGUgcGFyYSBnYXJyYWZhczwvbGk+CiAgICAgICAgPGxpPlBlcnNvbmFsaXphw6fDo28gZGEgY29yIGRvIHR1Ym8gZSBkYSBhbG1vZmFkYSBjb20gY29zdHVyYXMgY29udHJhc3RhbnRlczwvbGk+CiAgICAgICAgPGxpPk9ww6fDtWVzIGRlIMOhdWRpbyBGdXNpb248L2xpPgogICAgPC91bD4=[\/vc_raw_html][\/vc_column_inner][vc_column_inner width=&#8221;1\/3&#8243; css=&#8221;.vc_custom_1719035929939{padding-top: 10px !important;padding-right: 10px !important;padding-bottom: 10px !important;padding-left: 10px !important;}&#8221;][vc_raw_html css=&#8221;&#8221;]PHVsIGNsYXNzPSJsaXN0LXN0eWxlLTIiPgogICAgICAgIDxsaT5Db2JlcnR1cmEgdG90YWw8L2xpPgogICAgICAgIDxsaT5Db2JlcnR1cmEgQmltaW5pPC9saT4KICAgICAgICA8bGk+QXJjbyB0cmFzZWlybyBjb21wbGV0byBjb20gbHV6ZXMgZGUgbmF2ZWdhw6fDo288L2xpPgogICAgICAgIDxsaT5QbG90dGVyIGNhcnRvZ3LDoWZpY28vR1BTL2xvY2FsaXphZG9yIGRlIHBlaXhlczwvbGk+CiAgICAgICAgPGxpPkNvcmVzIGRlIGdlbCBwZXJzb25hbGl6YWRhczwvbGk+CiA8L3VsPg==[\/vc_raw_html][\/vc_column_inner][vc_column_inner width=&#8221;1\/3&#8243; css=&#8221;.vc_custom_1719035939306{padding-top: 10px !important;padding-right: 10px !important;padding-bottom: 10px !important;padding-left: 10px !important;}&#8221;][vc_raw_html css=&#8221;&#8221;]PHVsIGNsYXNzPSJsaXN0LXN0eWxlLTIiPgogICAgICAgPGxpPkNhcGEgZG8gYmFuY28gZG8gcGlsb3RvPC9saT4KICAgICAgICA8bGk+TW9saW5ldGUgZWzDqXRyaWNvLCDDom5jb3JhIGRlIGHDp28gaW5veGlkw6F2ZWwgZGUgNSBrZyBlIGNvcnJlbnRlIGRlIDI1IG08L2xpPgogICAgICAgIDxsaT5UZWNhIGNvbXBsZXRhPC9saT4KICAgICAgICA8bGk+RmFyb2wgKHJlcXVlciBhcmNvKTwvbGk+CiAgICAgICAgPGxpPlLDoWRpbyBWSEY8L2xpPgo8L3VsPg==[\/vc_raw_html][\/vc_column_inner][\/vc_row_inner][\/vc_tta_section][\/vc_tta_tabs][\/vc_column][\/vc_row][vc_row full_width=&#8221;stretch_row&#8221; css=&#8221;.vc_custom_1719033685113{padding-top: 80px !important;padding-bottom: 80px !important;background-color: #fafafa !important;}&#8221;][vc_column][vc_custom_heading text=&#8221;SPX 24 GERAL&#8221; font_container=&#8221;tag:h3|text_align:center|color:%23f10404&#8243; google_fonts=&#8221;font_family:Montserrat%3Aregular%2C700|font_style:700%20bold%20regular%3A700%3Anormal&#8221; css=&#8221;.vc_custom_1719037635957{padding-bottom: 42px !important;}&#8221;][vc_gallery type=&#8221;image_grid&#8221; images=&#8221;3331,3323,3324,3325,3326,3327,3328,3329&#8243; img_size=&#8221;full&#8221; css=&#8221;&#8221; el_class=&#8221;spxgallery&#8221;][vc_custom_heading text=&#8221;VERS\u00c3O DINETTE&#8221; font_container=&#8221;tag:h3|text_align:center|color:%23f10404&#8243; google_fonts=&#8221;font_family:Montserrat%3Aregular%2C700|font_style:700%20bold%20regular%3A700%3Anormal&#8221; css=&#8221;.vc_custom_1719037900396{padding-top: 45px !important;padding-bottom: 42px !important;}&#8221;][vc_gallery type=&#8221;image_grid&#8221; images=&#8221;3342,3346,3348,3349,3350,3351,3352,3432&#8243; img_size=&#8221;full&#8221; css=&#8221;&#8221; el_class=&#8221;spxgallery&#8221;][\/vc_column][\/vc_row]<\/p>\n<\/div>","protected":false},"excerpt":{"rendered":"<p>[vc_row full_width=&#8221;stretch_row_content_no_spaces&#8221; content_placement=&#8221;middle&#8221; css=&#8221;.vc_custom_1719038301412{padding-top: 140px !important;padding-bottom: 140px !important;background: #131313 url(http:\/\/www.algarveboatsales.com\/wp-content\/uploads\/2024\/06\/Screenshot_2.png?id=3787) !important;background-position: center !important;background-repeat: no-repeat !important;background-size: contain !important;}&#8221; el_id=&#8221;oferta&#8221;][vc_column][vc_custom_heading source=&#8221;post_title&#8221; font_container=&#8221;tag:h2|text_align:center|color:%23ffffff&#8221; use_theme_fonts=&#8221;yes&#8221; css=&#8221;&#8221;][stm_color_separator css=&#8221;.vc_custom_1445510911464{margin-top: 17px !important;margin-bottom: 25px !important;}&#8221;][\/vc_column][\/vc_row][vc_row full_width=&#8221;stretch_row&#8221; css=&#8221;.vc_custom_1719033685113{padding-top: 80px !important;padding-bottom: 80px !important;background-color: #fafafa !important;}&#8221;][vc_column][vc_custom_heading text=&#8221;PRE\u00c7O A PARTIR DE 82.950 \u20ac INC. IVA&#8221; font_container=&#8221;tag:h3|text_align:center|color:%23f10404&#8243; google_fonts=&#8221;font_family:Montserrat%3Aregular%2C700|font_style:700%20bold%20regular%3A700%3Anormal&#8221; css=&#8221;&#8221;][vc_raw_html css=&#8221;&#8221; el_class=&#8221;spx24&#8243;]IDx0YWJsZT4KICAgICAgICA8Y2FwdGlvbj5BU1BFVE9TIFBSSU5DSVBBSVM8L2NhcHRpb24+CiAgICAgICAKICAgICAgICA8dHI+CiAgICAgICAgICAgIDx0ZD5Db21wcmltZW50byAoQy5PLkEuKTwvdGQ+CiAgICAgICAgICAgIDx0ZD43LDQ4IG08L3RkPgogICAgICAgIDwvdHI+CiAgICAgICAgPHRyPgogICAgICAgICAgICA8dGQ+Qm9jYTwvdGQ+CiAgICAgICAgICAgIDx0ZD4yLDggbTwvdGQ+CiAgICAgICAgPC90cj4KICAgICAgICA8dHI+CiAgICAgICAgICAgIDx0ZD5QZXNvPC90ZD4KICAgICAgICAgICAgPHRkPjk1MCBrZzwvdGQ+CiAgICAgICAgPC90cj4KICAgICAgICA8dHI+CiAgICAgICAgICAgIDx0ZD5DYXBhY2lkYWRlPC90ZD4KICAgICAgICAgICAgPHRkPjE0IHBlc3NvYXM8L3RkPgogICAgICAgIDwvdHI+CiAgICAgICAgPHRyPgogICAgICAgICAgICA8dGQ+RGnDom1ldHJvIGRvIHR1Ym88L3RkPgogICAgICAgICAgICA8dGQ+NTMgY208L3RkPgogICAgICAgIDwvdHI+CiAgICAgICAgPHRyPgogICAgICAgICAgICA8dGQ+UG90w6puY2lhIG3DoXguIChDVik8L3RkPgogICAgICAgICAgICA8dGQ+MzAwIENWL0hQPC90ZD4KICAgICAgICA8L3RyPgogICAgICAgIDx0cj4KICAgICAgICAgICAgPHRkPlBvdMOqbmNpYSBtw61uLiAoQ1YpPC90ZD4KICAgICAgICAgICAgPHRkPjE1MCBDVi9IUDwvdGQ+CiAgICAgICAgPC90cj4KICAgICAgICA8dHI+CiAgICAgICAgICAgIDx0ZD5Qb3TDqm5jaWEgcmVjLiAoQ1YpPC90ZD4KICAgICAgICAgICAgPHRkPjIwMCBDVi9IUDwvdGQ+CiAgICAgICAgPC90cj4KICAgICAgICA8dHI+CiAgICAgICAgICAgIDx0ZD5DYXRlZ29yaWEgZGUgZGVzaWduPC90ZD4KICAgICAgICAgICAgPHRkPkNhdGVnb3JpYSBCPC90ZD4KICAgICAgICA8L3RyPgogICAgPC90YWJsZT4=[\/vc_raw_html][\/vc_column][\/vc_row][vc_row equal_height=&#8221;yes&#8221; content_placement=&#8221;middle&#8221; css=&#8221;.vc_custom_1718419169359{margin-top: 40px !important;margin-bottom: 70px !important;padding-top:&#8230;<\/p>\n","protected":false},"author":6,"featured_media":0,"parent":0,"menu_order":0,"comment_status":"closed","ping_status":"closed","template":"","meta":{"footnotes":""},"class_list":["post-5801","page","type-page","status-publish","hentry"],"jetpack_sharing_enabled":true,"_links":{"self":[{"href":"https:\/\/www.algarveboatsales.com\/pt-pt\/wp-json\/wp\/v2\/pages\/5801","targetHints":{"allow":["GET"]}}],"collection":[{"href":"https:\/\/www.algarveboatsales.com\/pt-pt\/wp-json\/wp\/v2\/pages"}],"about":[{"href":"https:\/\/www.algarveboatsales.com\/pt-pt\/wp-json\/wp\/v2\/types\/page"}],"author":[{"embeddable":true,"href":"https:\/\/www.algarveboatsales.com\/pt-pt\/wp-json\/wp\/v2\/users\/6"}],"replies":[{"embeddable":true,"href":"https:\/\/www.algarveboatsales.com\/pt-pt\/wp-json\/wp\/v2\/comments?post=5801"}],"version-history":[{"count":1,"href":"https:\/\/www.algarveboatsales.com\/pt-pt\/wp-json\/wp\/v2\/pages\/5801\/revisions"}],"predecessor-version":[{"id":5805,"href":"https:\/\/www.algarveboatsales.com\/pt-pt\/wp-json\/wp\/v2\/pages\/5801\/revisions\/5805"}],"wp:attachment":[{"href":"https:\/\/www.algarveboatsales.com\/pt-pt\/wp-json\/wp\/v2\/media?parent=5801"}],"curies":[{"name":"wp","href":"https:\/\/api.w.org\/{rel}","templated":true}]}}