{"id":5796,"date":"2015-11-30T11:34:55","date_gmt":"2015-11-30T11:34:55","guid":{"rendered":"https:\/\/www.algarveboatsales.com\/faq\/"},"modified":"2026-01-12T18:25:40","modified_gmt":"2026-01-12T18:25:40","slug":"faq","status":"publish","type":"page","link":"https:\/\/www.algarveboatsales.com\/pt-pt\/faq\/","title":{"rendered":"FAQ"},"content":{"rendered":"<div class=\"wpb-content-wrapper\"><p>[vc_row full_width=&#8221;stretch_row_content_no_spaces&#8221; content_placement=&#8221;middle&#8221; css=&#8221;.vc_custom_1719028777233{margin-top: 0px !important;padding-top: 140px !important;padding-bottom: 140px !important;background-image: url(http:\/\/www.algarveboatsales.com\/wp-content\/uploads\/2024\/06\/SPX_main_hero-1-scaled.jpg?id=3511) !important;background-position: center !important;background-repeat: no-repeat !important;background-size: cover !important;}&#8221; el_id=&#8221;oferta&#8221;][vc_column][vc_custom_heading source=&#8221;post_title&#8221; font_container=&#8221;tag:h2|text_align:center|color:%23ffffff&#8221; use_theme_fonts=&#8221;yes&#8221; css=&#8221;&#8221;][stm_color_separator css=&#8221;.vc_custom_1445510911464{margin-top: 17px !important;margin-bottom: 25px !important;}&#8221;][\/vc_column][\/vc_row][vc_row css=&#8221;.vc_custom_1719031489568{margin-top: 60px !important;margin-bottom: 20px !important;}&#8221;][vc_column offset=&#8221;vc_col-lg-9&#8243;][vc_toggle title=&#8221;Que licen\u00e7a necessito para alugar\/fretar uma embarca\u00e7\u00e3o sem tripula\u00e7\u00e3o?&#8221; open=&#8221;true&#8221; css=&#8221;&#8221; el_id=&#8221;1448883155611-13bd3268-1e1e&#8221;]A lei estipula que necessita de uma licen\u00e7a adequada para a embarca\u00e7\u00e3o que est\u00e1 a operar e para o ambiente em que est\u00e1 a operar. Isso significa que \u00e9 necess\u00e1rio um ICC de barco a motor RYA ou outro equivalente nacional. Contacte-nos caso tenha alguma d\u00favida.[\/vc_toggle][vc_toggle title=&#8221;Que seguro existe num aluguer\/fretamento de embarca\u00e7\u00e3o sem tripula\u00e7\u00e3o?&#8221; css=&#8221;&#8221; el_id=&#8221;1448883771023-742811fc-c23d&#8221;]Est\u00e1 segurado da mesma forma que estaria se estivesse a conduzir a sua pr\u00f3pria embarca\u00e7\u00e3o. \u00c9 respons\u00e1vel por todos os excessos nos seguros caso danifique a embarca\u00e7\u00e3o ou caso haja alguma reclama\u00e7\u00e3o numa ap\u00f3lice de seguro. Normalmente, este valor \u00e9 de 1000 \u20ac.[\/vc_toggle][vc_toggle title=&#8221;Sou respons\u00e1vel por mais alguma coisa?&#8221; css=&#8221;&#8221; el_id=&#8221;1448883776504-40e5b40f-8a4c&#8221;]Sim &#8211; se magoar algu\u00e9m ou danificar algo que seja resultado de uma decis\u00e3o ou a\u00e7\u00e3o como skipper, \u00e9 prov\u00e1vel que seja responsabilizado.[\/vc_toggle][vc_toggle title=&#8221;Exigem um dep\u00f3sito?&#8221; css=&#8221;&#8221; el_id=&#8221;1448883777671-add4b195-3bd8&#8243;]Ter\u00e1 de trazer um cart\u00e3o de cr\u00e9dito no dia do seu aluguer. Iremos reter um valor de dep\u00f3sito (at\u00e9 350 euros) no seu cart\u00e3o, que ser\u00e1 libertado no final da sua reserva, desde que n\u00e3o haja danos na embarca\u00e7\u00e3o ou qualquer outra coisa pela qual seja respons\u00e1vel.[\/vc_toggle][vc_toggle title=&#8221;Preciso de uma licen\u00e7a de operador VHF?&#8221; css=&#8221;&#8221;]Esta \u00e9 uma \u00e1rea um pouco cinzenta &#8211; todas as embarca\u00e7\u00f5es est\u00e3o equipadas com VHF DSC e, claro, precisa de uma licen\u00e7a para o utilizar. A Pol\u00edcia Mar\u00edtima local \u00e9 conhecida por pedir licen\u00e7as VHF e por contestar a legalidade de licen\u00e7as de fora de Portugal, pois n\u00e3o s\u00e3o &#8216;Internacionais&#8217;. Ainda n\u00e3o vimos ningu\u00e9m a ser multado como resultado desta confus\u00e3o.[\/vc_toggle][vc_toggle title=&#8221;Como calculam o combust\u00edvel para um fretamento?&#8221; css=&#8221;&#8221;]A embarca\u00e7\u00e3o ser\u00e1 fornecida cheia e ser\u00e1 recebido no pont\u00e3o de combust\u00edvel em Lagos, onde dever\u00e1 encher novamente a embarca\u00e7\u00e3o. Aten\u00e7\u00e3o: o posto de combust\u00edvel em Lagos apenas aceita dinheiro ou American Express (!) e nenhum outro cart\u00e3o &#8211; incluindo Multibanco.[\/vc_toggle][vc_toggle title=&#8221;Sou respons\u00e1vel por danos na embarca\u00e7\u00e3o?&#8221; css=&#8221;&#8221;]\u00c9 respons\u00e1vel pelos danos que causar diretamente \u00e0 embarca\u00e7\u00e3o se for imprudente ou contrariar uma ordem do skipper. Num fretamento com skipper, \u00e9 da responsabilidade do skipper manter a embarca\u00e7\u00e3o segura e \u00e9 respons\u00e1vel apenas pelas suas pr\u00f3prias a\u00e7\u00f5es.[\/vc_toggle][vc_toggle title=&#8221;O que acontece se me magoar a fazer wakeboard, esqui ou qualquer atividade aqu\u00e1tica?&#8221; css=&#8221;&#8221;]\u00c9 respons\u00e1vel por quaisquer les\u00f5es em si pr\u00f3prio ou noutra pessoa enquanto pratica um desporto aqu\u00e1tico. O treinador\/instrutor dar\u00e1 apenas orienta\u00e7\u00f5es e n\u00e3o ser\u00e1 respons\u00e1vel por quaisquer les\u00f5es resultantes desta orienta\u00e7\u00e3o. Tudo o que faz \u00e9 por sua conta e risco.[\/vc_toggle][vc_toggle title=&#8221;Como sei que as embarca\u00e7\u00f5es s\u00e3o seguras?&#8221; css=&#8221;&#8221;]Como operador comercial licenciado, somos obrigados a sujeitar as embarca\u00e7\u00f5es a inspe\u00e7\u00f5es regulares pelas autoridades em Portugal.[\/vc_toggle][vc_toggle title=&#8221;O que \u00e9 que os inspetores verificam?&#8221; css=&#8221;&#8221;]Os inspetores verificam a capacidade mec\u00e2nica da embarca\u00e7\u00e3o e analisam todo o equipamento de seguran\u00e7a a bordo.[\/vc_toggle][vc_toggle title=&#8221;Existem coletes salva-vidas e outros equipamentos de seguran\u00e7a a bordo?&#8221; css=&#8221;&#8221;]Sim &#8211; todas as nossas embarca\u00e7\u00f5es est\u00e3o equipadas de acordo com os requisitos da Classe 4 ou 5 em Portugal. T\u00eam o n\u00famero e a especifica\u00e7\u00e3o corretos de coletes a bordo, foguetes e balsas\/preservadores salva-vidas, kit de primeiros socorros e outros equipamentos diversos que cumprem ou excedem os requisitos legais.[\/vc_toggle][vc_toggle title=&#8221;E quanto ao seguro e outra documenta\u00e7\u00e3o\/licen\u00e7as &#8211; posso verificar?&#8221; css=&#8221;&#8221;]Tamb\u00e9m somos obrigados a fornecer detalhes de todos os nossos seguros \u00e0s autoridades e a provar que s\u00e3o mantidos atualizados. Pode pedir a qualquer momento para ver o registo, o seguro e o certificado de operador comercial.[\/vc_toggle][vc_toggle title=&#8221;Qual \u00e9 o vosso n\u00famero de licen\u00e7a?&#8221; css=&#8221;&#8221;]O nosso n\u00famero de registo no Turismo de Portugal como operador tur\u00edstico mar\u00edtimo \u00e9 208\/2010 (SEAN ANDERSON)[\/vc_toggle][\/vc_column][vc_column width=&#8221;1\/4&#8243; offset=&#8221;vc_hidden-md vc_hidden-sm vc_hidden-xs&#8221;][stm_sidebar sidebar=&#8221;2006&#8243; css=&#8221;.vc_custom_1719030557318{margin-bottom: 50px !important;}&#8221;][\/vc_column][\/vc_row]<\/p>\n<\/div>","protected":false},"excerpt":{"rendered":"<p>[vc_row full_width=&#8221;stretch_row_content_no_spaces&#8221; content_placement=&#8221;middle&#8221; css=&#8221;.vc_custom_1719028777233{margin-top: 0px !important;padding-top: 140px !important;padding-bottom: 140px !important;background-image: url(http:\/\/www.algarveboatsales.com\/wp-content\/uploads\/2024\/06\/SPX_main_hero-1-scaled.jpg?id=3511) !important;background-position: center !important;background-repeat: no-repeat !important;background-size: cover !important;}&#8221; el_id=&#8221;oferta&#8221;][vc_column][vc_custom_heading source=&#8221;post_title&#8221; font_container=&#8221;tag:h2|text_align:center|color:%23ffffff&#8221; use_theme_fonts=&#8221;yes&#8221; css=&#8221;&#8221;][stm_color_separator css=&#8221;.vc_custom_1445510911464{margin-top: 17px !important;margin-bottom: 25px !important;}&#8221;][\/vc_column][\/vc_row][vc_row css=&#8221;.vc_custom_1719031489568{margin-top: 60px !important;margin-bottom: 20px !important;}&#8221;][vc_column offset=&#8221;vc_col-lg-9&#8243;][vc_toggle title=&#8221;Que licen\u00e7a necessito para alugar\/fretar uma embarca\u00e7\u00e3o sem tripula\u00e7\u00e3o?&#8221; open=&#8221;true&#8221; css=&#8221;&#8221; el_id=&#8221;1448883155611-13bd3268-1e1e&#8221;]A lei estipula que necessita de uma licen\u00e7a adequada para&#8230;<\/p>\n","protected":false},"author":6,"featured_media":0,"parent":0,"menu_order":0,"comment_status":"closed","ping_status":"closed","template":"","meta":{"footnotes":""},"class_list":["post-5796","page","type-page","status-publish","hentry"],"jetpack_sharing_enabled":true,"_links":{"self":[{"href":"https:\/\/www.algarveboatsales.com\/pt-pt\/wp-json\/wp\/v2\/pages\/5796","targetHints":{"allow":["GET"]}}],"collection":[{"href":"https:\/\/www.algarveboatsales.com\/pt-pt\/wp-json\/wp\/v2\/pages"}],"about":[{"href":"https:\/\/www.algarveboatsales.com\/pt-pt\/wp-json\/wp\/v2\/types\/page"}],"author":[{"embeddable":true,"href":"https:\/\/www.algarveboatsales.com\/pt-pt\/wp-json\/wp\/v2\/users\/6"}],"replies":[{"embeddable":true,"href":"https:\/\/www.algarveboatsales.com\/pt-pt\/wp-json\/wp\/v2\/comments?post=5796"}],"version-history":[{"count":1,"href":"https:\/\/www.algarveboatsales.com\/pt-pt\/wp-json\/wp\/v2\/pages\/5796\/revisions"}],"predecessor-version":[{"id":5800,"href":"https:\/\/www.algarveboatsales.com\/pt-pt\/wp-json\/wp\/v2\/pages\/5796\/revisions\/5800"}],"wp:attachment":[{"href":"https:\/\/www.algarveboatsales.com\/pt-pt\/wp-json\/wp\/v2\/media?parent=5796"}],"curies":[{"name":"wp","href":"https:\/\/api.w.org\/{rel}","templated":true}]}}