{"id":5795,"date":"2024-06-22T06:40:25","date_gmt":"2024-06-22T06:40:25","guid":{"rendered":"https:\/\/www.algarveboatsales.com\/spx-32\/"},"modified":"2026-01-12T18:25:48","modified_gmt":"2026-01-12T18:25:48","slug":"spx-32","status":"publish","type":"page","link":"https:\/\/www.algarveboatsales.com\/pt-pt\/spx-32\/","title":{"rendered":"SPX 32"},"content":{"rendered":"<div class=\"wpb-content-wrapper\"><p>[vc_row full_width=&#8221;stretch_row_content_no_spaces&#8221; content_placement=&#8221;middle&#8221; css=&#8221;.vc_custom_1719038596154{padding-top: 140px !important;padding-bottom: 140px !important;background: #131313 url(http:\/\/www.algarveboatsales.com\/wp-content\/uploads\/2024\/06\/32.hero_.md_.jpg?id=2987) !important;background-position: center !important;background-repeat: no-repeat !important;background-size: cover !important;}&#8221; el_id=&#8221;oferta&#8221;][vc_column][vc_custom_heading source=&#8221;post_title&#8221; font_container=&#8221;tag:h2|text_align:center|color:%23ffffff&#8221; use_theme_fonts=&#8221;yes&#8221; css=&#8221;&#8221;][stm_color_separator css=&#8221;.vc_custom_1445510911464{margin-top: 17px !important;margin-bottom: 25px !important;}&#8221;][\/vc_column][\/vc_row][vc_row full_width=&#8221;stretch_row&#8221; css=&#8221;.vc_custom_1719033685113{padding-top: 80px !important;padding-bottom: 80px !important;background-color: #fafafa !important;}&#8221;][vc_column][vc_custom_heading text=&#8221;PRE\u00c7O A PARTIR DE 217.350 \u20ac INC. IVA&#8221; font_container=&#8221;tag:h3|text_align:center|color:%23f10404&#8243; google_fonts=&#8221;font_family:Montserrat%3Aregular%2C700|font_style:700%20bold%20regular%3A700%3Anormal&#8221; css=&#8221;&#8221;][vc_raw_html css=&#8221;&#8221; el_class=&#8221;spx24&#8243;]IDx0YWJsZT4KICAgICAgICA8Y2FwdGlvbj5BU1BFVE9TIFBSSU5DSVBBSVM8L2NhcHRpb24+CiAgICAgICAgPHRyPgogICAgICAgICAgICA8dGQ+Q29tcHJpbWVudG8gKEMuTy5BLik8L3RkPgogICAgICAgICAgICA8dGQ+OSw3IG08L3RkPgogICAgICAgIDwvdHI+CiAgICAgICAgPHRyPgogICAgICAgICAgICA8dGQ+Qm9jYTwvdGQ+CiAgICAgICAgICAgIDx0ZD4zLDQgbTwvdGQ+CiAgICAgICAgPC90cj4KICAgICAgICA8dHI+CiAgICAgICAgICAgIDx0ZD5QZXNvPC90ZD4KICAgICAgICAgICAgPHRkPjIxMDAga2c8L3RkPgogICAgICAgIDwvdHI+CiAgICAgICAgPHRyPgogICAgICAgICAgICA8dGQ+Q2FwYWNpZGFkZTwvdGQ+CiAgICAgICAgICAgIDx0ZD4xNiBwZXNzb2FzPC90ZD4KICAgICAgICA8L3RyPgogICAgICAgIDx0cj4KICAgICAgICAgICAgPHRkPkRpw6JtZXRybyBkbyB0dWJvPC90ZD4KICAgICAgICAgICAgPHRkPjUzIGNtPC90ZD4KICAgICAgICA8L3RyPgogICAgICAgIDx0cj4KICAgICAgICAgICAgPHRkPlBvdMOqbmNpYSBtw6F4LiAoSFApPC90ZD4KICAgICAgICAgICAgPHRkPjIgeCA0NTAgQ1YvSFA8L3RkPgogICAgICAgIDwvdHI+CiAgICAgICAgPHRyPgogICAgICAgICAgICA8dGQ+UG90w6puY2lhIG3DrW4uIChIUCk8L3RkPgogICAgICAgICAgICA8dGQ+MiB4IDIyNSBDVi9IUDwvdGQ+CiAgICAgICAgPC90cj4KICAgICAgICA8dHI+CiAgICAgICAgICAgIDx0ZD5Qb3TDqm5jaWEgcmVjLiAoSFApPC90ZD4KICAgICAgICAgICAgPHRkPjIgeCAzMDAgQ1YvSFA8L3RkPgogICAgICAgIDwvdHI+CiAgICAgICAgPHRyPgogICAgICAgICAgICA8dGQ+Q2F0ZWdvcmlhIGRlIGRlc2lnbjwvdGQ+CiAgICAgICAgICAgIDx0ZD5DYXRlZ29yaWEgQjwvdGQ+CiAgICAgICAgPC90cj4KICAgIDwvdGFibGU+[\/vc_raw_html][\/vc_column][\/vc_row][vc_row equal_height=&#8221;yes&#8221; content_placement=&#8221;middle&#8221; css=&#8221;.vc_custom_1718419169359{margin-top: 40px !important;margin-bottom: 70px !important;padding-top: 40px !important;padding-bottom: 40px !important;}&#8221; el_class=&#8221;AboutRow&#8221;][vc_column width=&#8221;1\/2&#8243; el_class=&#8221;stm-col-pad-right&#8221;][vc_single_image image=&#8221;3885&#8243; img_size=&#8221;large&#8221; css=&#8221;.vc_custom_1719039910718{margin-bottom: 0px !important;}&#8221;][\/vc_column][vc_column width=&#8221;1\/2&#8243; el_class=&#8221;stm-col-pad-left&#8221;][vc_column_text css=&#8221;&#8221;]A \u00e1rea da proa tem o espa\u00e7o perfeito para mais um sol\u00e1rio. Em todos os modelos SPX, a consola \u00e9 movida ligeiramente mais para a frente do que alguns insufl\u00e1veis r\u00edgidos semelhantes, o que permite o equil\u00edbrio certo entre peso e espa\u00e7o para o SPX 32. Isto significa que o sol\u00e1rio dianteiro tem o tamanho certo sem ser demasiado grande e desperdi\u00e7ar espa\u00e7o, maximizando assim o espa\u00e7o no cockpit e nas \u00e1reas do conv\u00e9s de popa.[\/vc_column_text][\/vc_column][\/vc_row][vc_row full_width=&#8221;stretch_row&#8221; equal_height=&#8221;yes&#8221; content_placement=&#8221;middle&#8221; css=&#8221;.vc_custom_1718419703234{margin-top: 40px !important;margin-bottom: 70px !important;padding-top: 80px !important;padding-bottom: 80px !important;background-color: #fafafa !important;}&#8221; el_class=&#8221;AboutRow&#8221;][vc_column width=&#8221;1\/2&#8243; el_class=&#8221;stm-col-pad-right&#8221;][vc_column_text css=&#8221;&#8221;]O SPX 32 come\u00e7ou o seu desenvolvimento como um barco ligeiramente mais pequeno de 30 p\u00e9s (a ser denominado SPX 30) e, no final do processo de design, tornou-se um barco de 32 p\u00e9s e, eventualmente, chegou ao mercado em 2023 como o SPX 32.<br \/>\n[\/vc_column_text][vc_column_text css=&#8221;.vc_custom_1719039021734{padding-top: 10px !important;padding-bottom: 10px !important;}&#8221;]Em conceito, \u00e9 um barco irm\u00e3o mais velho da vers\u00e3o SPX 24 Sport com um layout de conv\u00e9s semelhante, incorporando um grande sol\u00e1rio traseiro sob o qual pode ser instalada uma segunda cabine. Tal como acontece com o 24 Sport, os motores interiores tamb\u00e9m podem ser instalados neste espa\u00e7o. <br \/>\n[\/vc_column_text][vc_column_text css=&#8221;&#8221;]No posto de comando, existem dois bancos de balde completos. O leme inclina-se inteligentemente para a frente para revelar uma \u00e1rea pr\u00e1tica de cozinha\/prepara\u00e7\u00e3o. A porta da cabine fica \u00e0 esquerda da posi\u00e7\u00e3o do leme e permite um acesso f\u00e1cil. Tal como acontece com todos os modelos SPX, um excelente design \u00e9 a chave para criar o melhor espa\u00e7o utiliz\u00e1vel dispon\u00edvel a bordo sem sacrificar a usabilidade.   <br \/>\n[\/vc_column_text][\/vc_column][vc_column width=&#8221;1\/2&#8243; el_class=&#8221;stm-col-pad-left&#8221;][vc_single_image image=&#8221;3433&#8243; img_size=&#8221;large&#8221; css=&#8221;.vc_custom_1719039071681{margin-bottom: 0px !important;}&#8221; stm_fancybox=&#8221;yes&#8221;][\/vc_column][\/vc_row][vc_row css=&#8221;.vc_custom_1719036257017{padding-bottom: 62px !important;}&#8221;][vc_column][vc_tta_tabs][vc_tta_section title=&#8221;Carater\u00edstica padr\u00e3o&#8221; tab_id=&#8221;1719035360998-ad7c3937-6559&#8243;][vc_row_inner][vc_column_inner width=&#8221;1\/3&#8243; css=&#8221;.vc_custom_1719035919298{padding-top: 10px !important;padding-right: 10px !important;padding-bottom: 10px !important;padding-left: 10px !important;}&#8221;][vc_raw_html css=&#8221;&#8221;]PHVsIGNsYXNzPSJsaXN0LXN0eWxlLTIiPgogICAgICAgIDxsaT5Db25zb2xhIGRlIGRpcmXDp8OjbyBjb20gdmVzdGnDoXJpbzwvbGk+CiAgICAgICAgPGxpPkFsbW9mYWRhcyBjb21wbGV0YXM8L2xpPgogICAgICAgIDxsaT5MYXZhdMOzcmlvIGNvbXBsZXRvIGNvbSB0b3JuZWlyYSBtaXN0dXJhZG9yYTwvbGk+CiAgICAgICAgPGxpPkJvbWJhIGRlIGVzZ290byBlbMOpdHJpY2E8L2xpPgogICAgICAgIDxsaT5Cw7pzc29sYSByZXRyb2lsdW1pbmFkYTwvbGk+CiAgICAgICAgPGxpPkN1bmhvcyBkZSBhbWFycmHDp8OjbyBkZSBwb3BhICgyKTwvbGk+CiAgICAgICAgPGxpPkx1emVzIGRlIG5hdmVnYcOnw6NvPC9saT4KICAgIDwvdWw+[\/vc_raw_html][\/vc_column_inner][vc_column_inner width=&#8221;1\/3&#8243; css=&#8221;.vc_custom_1719035929939{padding-top: 10px !important;padding-right: 10px !important;padding-bottom: 10px !important;padding-left: 10px !important;}&#8221;][vc_raw_html css=&#8221;&#8221;]PHVsIGNsYXNzPSJsaXN0LXN0eWxlLTIiPgogICAgICAgPGxpPlNpc3RlbWEgZGUgZHVjaGUgY29tIGRlcMOzc2l0byBkZSDDoWd1YSBkb2NlIGludGVncmFkbzwvbGk+CiAgICAgICAgPGxpPkVzY2FkYSBkb2Jyw6F2ZWwgZW0gYcOnbyBpbm94aWTDoXZlbDwvbGk+CiAgICAgICAgPGxpPkZyaWdvcsOtZmljbyBkbyBjb2NrcGl0IHByb250bzwvbGk+CiAgICAgICAgPGxpPklsdW1pbmHDp8OjbyBMRUQgY29tcGxldGE8L2xpPgogICAgICAgIDxsaT5NZXNhIGRlIHBvcGEgKHRlY2Egb3UgZmlicmEpPC9saT4KICAgICAgICA8bGk+UGxhdGFmb3JtYXMgZGUgcG9wYSBjb20gcGlzbyBlbSB0ZWNhIHNpbnTDqXRpY2E8L2xpPgogICAgPC91bD4=[\/vc_raw_html][\/vc_column_inner][vc_column_inner width=&#8221;1\/3&#8243; css=&#8221;.vc_custom_1719035939306{padding-top: 10px !important;padding-right: 10px !important;padding-bottom: 10px !important;padding-left: 10px !important;}&#8221;][vc_raw_html css=&#8221;&#8221;]PHVsIGNsYXNzPSJsaXN0LXN0eWxlLTIiPgogICAgICAgIDxsaT5TaXN0ZW1hIGVsw6l0cmljbyBlIHBhaW5lbCBjb21wbGV0b3M8L2xpPgogICAgICAgIDxsaT5Wb2xhbnRlIGUgZGlyZcOnw6NvIGhpZHLDoXVsaWNhPC9saT4KICAgICAgICA8bGk+UHJvbnRvIHBhcmEgbW9saW5ldGUgZWzDqXRyaWNvPC9saT4KICAgICAgICA8bGk+QnV6aW5hPC9saT4KICAgICAgICA8bGk+UHJvYSBjb20gY3VuaG9zIGUgcm9sbyBkZSBhw6dvIGlub3hpZMOhdmVsPC9saT4KICAgICAgICA8bGk+w4FyZWEgZGUgcG9wYSBlbSB0ZWNhIHNpbnTDqXRpY2E8L2xpPgogICAgPC91bD4=[\/vc_raw_html][\/vc_column_inner][\/vc_row_inner][\/vc_tta_section][vc_tta_section title=&#8221;Extras opcionais&#8221; tab_id=&#8221;1719035949441-3fc80e7b-8808&#8243;][vc_row_inner][vc_column_inner width=&#8221;1\/3&#8243; css=&#8221;.vc_custom_1719035919298{padding-top: 10px !important;padding-right: 10px !important;padding-bottom: 10px !important;padding-left: 10px !important;}&#8221;][vc_raw_html css=&#8221;&#8221;]PHVsIGNsYXNzPSJsaXN0LXN0eWxlLTIiPgogICAgICAgIDxsaT5DYXBhIGRhIGNvbnNvbGE8L2xpPgogICAgICAgIDxsaT5HYW5jaG9zIGRlIGVsZXZhw6fDo28gZSBraXRzIGRlIHN1c3BlbnPDo288L2xpPgogICAgICAgIDxsaT5TYW5pdGEgcXXDrW1pY2EgbWFyw610aW1hIG5vIGludGVyaW9yIGRhIGNhYmluZTwvbGk+CiAgICAgICAgPGxpPlN1cG9ydGUgcGFyYSBnYXJyYWZhczwvbGk+CiAgICAgICAgPGxpPlBlcnNvbmFsaXphw6fDo28gZGEgY29yIGRvIHR1Ym8gZSBkYSBhbG1vZmFkYSBjb20gY29zdHVyYXMgY29udHJhc3RhbnRlczwvbGk+CiAgICAgICAgPGxpPk9ww6fDtWVzIGRlIMOhdWRpbyBGdXNpb248L2xpPgogICAgPC91bD4=[\/vc_raw_html][\/vc_column_inner][vc_column_inner width=&#8221;1\/3&#8243; css=&#8221;.vc_custom_1719035929939{padding-top: 10px !important;padding-right: 10px !important;padding-bottom: 10px !important;padding-left: 10px !important;}&#8221;][vc_raw_html css=&#8221;&#8221;]PHVsIGNsYXNzPSJsaXN0LXN0eWxlLTIiPgogICAgICAgIDxsaT5Db2JlcnR1cmEgdG90YWw8L2xpPgogICAgICAgIDxsaT5Db2JlcnR1cmEgQmltaW5pPC9saT4KICAgICAgICA8bGk+QXJjbyB0cmFzZWlybyBjb21wbGV0byBjb20gbHV6ZXMgZGUgbmF2ZWdhw6fDo288L2xpPgogICAgICAgIDxsaT5QbG90dGVyIGNhcnRvZ3LDoWZpY28vR1BTL2xvY2FsaXphZG9yIGRlIHBlaXhlczwvbGk+CiAgICAgICAgPGxpPkNvcmVzIGRlIGdlbCBwZXJzb25hbGl6YWRhczwvbGk+CiA8L3VsPg==[\/vc_raw_html][\/vc_column_inner][vc_column_inner width=&#8221;1\/3&#8243; css=&#8221;.vc_custom_1719035939306{padding-top: 10px !important;padding-right: 10px !important;padding-bottom: 10px !important;padding-left: 10px !important;}&#8221;][vc_raw_html css=&#8221;&#8221;]PHVsIGNsYXNzPSJsaXN0LXN0eWxlLTIiPgogICAgICAgPGxpPkNhcGEgZG8gYmFuY28gZG8gcGlsb3RvPC9saT4KICAgICAgICA8bGk+TW9saW5ldGUgZWzDqXRyaWNvLCDDom5jb3JhIGRlIGHDp28gaW5veGlkw6F2ZWwgZGUgNSBrZyBlIGNvcnJlbnRlIGRlIDI1IG08L2xpPgogICAgICAgIDxsaT5UZWNhIGNvbXBsZXRhPC9saT4KICAgICAgICA8bGk+RmFyb2wgKHJlcXVlciBhcmNvKTwvbGk+CiAgICAgICAgPGxpPlLDoWRpbyBWSEY8L2xpPgo8L3VsPg==[\/vc_raw_html][\/vc_column_inner][\/vc_row_inner][\/vc_tta_section][\/vc_tta_tabs][\/vc_column][\/vc_row][vc_row full_width=&#8221;stretch_row&#8221; css=&#8221;.vc_custom_1719039757922{padding-top: 80px !important;padding-bottom: 80px !important;background-color: #fafafa !important;}&#8221;][vc_column][vc_gallery type=&#8221;image_grid&#8221; images=&#8221;3869,3870,3871,3872,3873,3874,3875,3876,3877,3878,3880,3881&#8243; img_size=&#8221;full&#8221; css=&#8221;&#8221; el_class=&#8221;spxgallery&#8221;][\/vc_column][\/vc_row]<\/p>\n<\/div>","protected":false},"excerpt":{"rendered":"<p>[vc_row full_width=&#8221;stretch_row_content_no_spaces&#8221; content_placement=&#8221;middle&#8221; css=&#8221;.vc_custom_1719038596154{padding-top: 140px !important;padding-bottom: 140px !important;background: #131313 url(http:\/\/www.algarveboatsales.com\/wp-content\/uploads\/2024\/06\/32.hero_.md_.jpg?id=2987) !important;background-position: center !important;background-repeat: no-repeat !important;background-size: cover !important;}&#8221; el_id=&#8221;oferta&#8221;][vc_column][vc_custom_heading source=&#8221;post_title&#8221; font_container=&#8221;tag:h2|text_align:center|color:%23ffffff&#8221; use_theme_fonts=&#8221;yes&#8221; css=&#8221;&#8221;][stm_color_separator css=&#8221;.vc_custom_1445510911464{margin-top: 17px !important;margin-bottom: 25px !important;}&#8221;][\/vc_column][\/vc_row][vc_row full_width=&#8221;stretch_row&#8221; css=&#8221;.vc_custom_1719033685113{padding-top: 80px !important;padding-bottom: 80px !important;background-color: #fafafa !important;}&#8221;][vc_column][vc_custom_heading text=&#8221;PRE\u00c7O A PARTIR DE 217.350 \u20ac INC. IVA&#8221; font_container=&#8221;tag:h3|text_align:center|color:%23f10404&#8243; google_fonts=&#8221;font_family:Montserrat%3Aregular%2C700|font_style:700%20bold%20regular%3A700%3Anormal&#8221; css=&#8221;&#8221;][vc_raw_html css=&#8221;&#8221; el_class=&#8221;spx24&#8243;]IDx0YWJsZT4KICAgICAgICA8Y2FwdGlvbj5BU1BFVE9TIFBSSU5DSVBBSVM8L2NhcHRpb24+CiAgICAgICAgPHRyPgogICAgICAgICAgICA8dGQ+Q29tcHJpbWVudG8gKEMuTy5BLik8L3RkPgogICAgICAgICAgICA8dGQ+OSw3IG08L3RkPgogICAgICAgIDwvdHI+CiAgICAgICAgPHRyPgogICAgICAgICAgICA8dGQ+Qm9jYTwvdGQ+CiAgICAgICAgICAgIDx0ZD4zLDQgbTwvdGQ+CiAgICAgICAgPC90cj4KICAgICAgICA8dHI+CiAgICAgICAgICAgIDx0ZD5QZXNvPC90ZD4KICAgICAgICAgICAgPHRkPjIxMDAga2c8L3RkPgogICAgICAgIDwvdHI+CiAgICAgICAgPHRyPgogICAgICAgICAgICA8dGQ+Q2FwYWNpZGFkZTwvdGQ+CiAgICAgICAgICAgIDx0ZD4xNiBwZXNzb2FzPC90ZD4KICAgICAgICA8L3RyPgogICAgICAgIDx0cj4KICAgICAgICAgICAgPHRkPkRpw6JtZXRybyBkbyB0dWJvPC90ZD4KICAgICAgICAgICAgPHRkPjUzIGNtPC90ZD4KICAgICAgICA8L3RyPgogICAgICAgIDx0cj4KICAgICAgICAgICAgPHRkPlBvdMOqbmNpYSBtw6F4LiAoSFApPC90ZD4KICAgICAgICAgICAgPHRkPjIgeCA0NTAgQ1YvSFA8L3RkPgogICAgICAgIDwvdHI+CiAgICAgICAgPHRyPgogICAgICAgICAgICA8dGQ+UG90w6puY2lhIG3DrW4uIChIUCk8L3RkPgogICAgICAgICAgICA8dGQ+MiB4IDIyNSBDVi9IUDwvdGQ+CiAgICAgICAgPC90cj4KICAgICAgICA8dHI+CiAgICAgICAgICAgIDx0ZD5Qb3TDqm5jaWEgcmVjLiAoSFApPC90ZD4KICAgICAgICAgICAgPHRkPjIgeCAzMDAgQ1YvSFA8L3RkPgogICAgICAgIDwvdHI+CiAgICAgICAgPHRyPgogICAgICAgICAgICA8dGQ+Q2F0ZWdvcmlhIGRlIGRlc2lnbjwvdGQ+CiAgICAgICAgICAgIDx0ZD5DYXRlZ29yaWEgQjwvdGQ+CiAgICAgICAgPC90cj4KICAgIDwvdGFibGU+[\/vc_raw_html][\/vc_column][\/vc_row][vc_row equal_height=&#8221;yes&#8221; content_placement=&#8221;middle&#8221; css=&#8221;.vc_custom_1718419169359{margin-top: 40px !important;margin-bottom: 70px !important;padding-top:&#8230;<\/p>\n","protected":false},"author":6,"featured_media":0,"parent":0,"menu_order":0,"comment_status":"closed","ping_status":"closed","template":"","meta":{"footnotes":""},"class_list":["post-5795","page","type-page","status-publish","hentry"],"jetpack_sharing_enabled":true,"_links":{"self":[{"href":"https:\/\/www.algarveboatsales.com\/pt-pt\/wp-json\/wp\/v2\/pages\/5795","targetHints":{"allow":["GET"]}}],"collection":[{"href":"https:\/\/www.algarveboatsales.com\/pt-pt\/wp-json\/wp\/v2\/pages"}],"about":[{"href":"https:\/\/www.algarveboatsales.com\/pt-pt\/wp-json\/wp\/v2\/types\/page"}],"author":[{"embeddable":true,"href":"https:\/\/www.algarveboatsales.com\/pt-pt\/wp-json\/wp\/v2\/users\/6"}],"replies":[{"embeddable":true,"href":"https:\/\/www.algarveboatsales.com\/pt-pt\/wp-json\/wp\/v2\/comments?post=5795"}],"version-history":[{"count":1,"href":"https:\/\/www.algarveboatsales.com\/pt-pt\/wp-json\/wp\/v2\/pages\/5795\/revisions"}],"predecessor-version":[{"id":5799,"href":"https:\/\/www.algarveboatsales.com\/pt-pt\/wp-json\/wp\/v2\/pages\/5795\/revisions\/5799"}],"wp:attachment":[{"href":"https:\/\/www.algarveboatsales.com\/pt-pt\/wp-json\/wp\/v2\/media?parent=5795"}],"curies":[{"name":"wp","href":"https:\/\/api.w.org\/{rel}","templated":true}]}}