{"id":5790,"date":"2024-06-22T07:10:17","date_gmt":"2024-06-22T07:10:17","guid":{"rendered":"https:\/\/www.algarveboatsales.com\/spx-38\/"},"modified":"2026-01-12T18:25:48","modified_gmt":"2026-01-12T18:25:48","slug":"spx-38","status":"publish","type":"page","link":"https:\/\/www.algarveboatsales.com\/pt-pt\/spx-38\/","title":{"rendered":"SPX 38"},"content":{"rendered":"<div class=\"wpb-content-wrapper\"><p>[vc_row full_width=&#8221;stretch_row_content_no_spaces&#8221; content_placement=&#8221;middle&#8221; css=&#8221;.vc_custom_1719040504820{padding-top: 140px !important;padding-bottom: 140px !important;background-image: url(http:\/\/www.algarveboatsales.com\/wp-content\/uploads\/2024\/06\/SPX_38_hero-1.jpg?id=3894) !important;background-position: center !important;background-repeat: no-repeat !important;background-size: cover !important;}&#8221; el_id=&#8221;oferta&#8221;][vc_column][vc_custom_heading source=&#8221;post_title&#8221; font_container=&#8221;tag:h2|text_align:center|color:%23ffffff&#8221; use_theme_fonts=&#8221;yes&#8221; css=&#8221;&#8221;][stm_color_separator css=&#8221;.vc_custom_1445510911464{margin-top: 17px !important;margin-bottom: 25px !important;}&#8221;][\/vc_column][\/vc_row][vc_row full_width=&#8221;stretch_row&#8221; css=&#8221;.vc_custom_1719033685113{padding-top: 80px !important;padding-bottom: 80px !important;background-color: #fafafa !important;}&#8221;][vc_column][vc_custom_heading text=&#8221;Pre\u00e7o a partir de 315.000 \u20ac inc. IVA&#8221; font_container=&#8221;tag:h3|text_align:center|color:%23f10404&#8243; google_fonts=&#8221;font_family:Montserrat%3Aregular%2C700|font_style:700%20bold%20regular%3A700%3Anormal&#8221; css=&#8221;&#8221;][vc_raw_html css=&#8221;&#8221; el_class=&#8221;spx24&#8243;]IDx0YWJsZT4KICAgICAgICA8Y2FwdGlvbj5BU1BFVE9TIFBSSU5DSVBBSVM8L2NhcHRpb24+CiAgICAgICA8dHI+CiAgICAgICAgICAgIDx0ZD5Db21wcmltZW50byAoVG90YWwpPC90ZD4KICAgICAgICAgICAgPHRkPjEyIG08L3RkPgogICAgICAgIDwvdHI+CiAgICAgICAgPHRyPgogICAgICAgICAgICA8dGQ+Qm9jYTwvdGQ+CiAgICAgICAgICAgIDx0ZD4xMSw3IG08L3RkPgogICAgICAgIDwvdHI+CiAgICAgICAgPHRyPgogICAgICAgICAgICA8dGQ+UGVzbzwvdGQ+CiAgICAgICAgICAgIDx0ZD4zMDAwIGtnPC90ZD4KICAgICAgICA8L3RyPgogICAgICAgIDx0cj4KICAgICAgICAgICAgPHRkPkNhcGFjaWRhZGU8L3RkPgogICAgICAgICAgICA8dGQ+MTggUGVzc29hczwvdGQ+CiAgICAgICAgPC90cj4KICAgICAgICA8dHI+CiAgICAgICAgICAgIDx0ZD5EacOibWV0cm8gZG8gdHVibzwvdGQ+CiAgICAgICAgICAgIDx0ZD41MyBjbTwvdGQ+CiAgICAgICAgPC90cj4KICAgICAgICA8dHI+CiAgICAgICAgICAgIDx0ZD5Qb3TDqm5jaWEgTcOheC4gKENWKTwvdGQ+CiAgICAgICAgICAgIDx0ZD4xMzUwIENWL0hQPC90ZD4KICAgICAgICA8L3RyPgogICAgICAgIDx0cj4KICAgICAgICAgICAgPHRkPlBvdMOqbmNpYSBNw61uLiAoQ1YpPC90ZD4KICAgICAgICAgICAgPHRkPjYwMCBDVi9IUDwvdGQ+CiAgICAgICAgPC90cj4KICAgICAgICA8dHI+CiAgICAgICAgICAgIDx0ZD5Qb3TDqm5jaWEgUmVjLiAoQ1YpPC90ZD4KICAgICAgICAgICAgPHRkPjcwMCBDVi9IUDwvdGQ+CiAgICAgICAgPC90cj4KICAgICAgICA8dHI+CiAgICAgICAgICAgIDx0ZD5DYXRlZ29yaWEgZGUgZGVzaWduPC90ZD4KICAgICAgICAgICAgPHRkPkNhdGVnb3JpYSBCPC90ZD4KICAgICAgICA8L3RyPgogICAgICAgIAogICAgPC90YWJsZT4=[\/vc_raw_html][\/vc_column][\/vc_row][vc_row equal_height=&#8221;yes&#8221; content_placement=&#8221;middle&#8221; css=&#8221;.vc_custom_1718419169359{margin-top: 40px !important;margin-bottom: 70px !important;padding-top: 40px !important;padding-bottom: 40px !important;}&#8221; el_class=&#8221;AboutRow&#8221;][vc_column width=&#8221;1\/2&#8243; el_class=&#8221;stm-col-pad-right&#8221;][vc_single_image image=&#8221;3895&#8243; img_size=&#8221;large&#8221; css=&#8221;.vc_custom_1719040655022{margin-bottom: 0px !important;}&#8221;][\/vc_column][vc_column width=&#8221;1\/2&#8243; el_class=&#8221;stm-col-pad-left&#8221;][vc_column_text css=&#8221;&#8221;]O conceito \u00e9 uma vers\u00e3o maior e melhor dos seus primos mais pequenos e utiliza caracter\u00edsticas de toda a gama. O leme \u00e9 semelhante ao do SPX 32 com dois assentos de leme completos, e o deck traseiro tem uma excelente \u00e1rea de cozinha e refei\u00e7\u00f5es com grandes decks para banhos de sol, mas tamb\u00e9m incorpora o conceito de passagem central para acesso \u00e0s plataformas traseiras para f\u00e1cil acesso \u00e0 \u00e1gua.<\/p>\n<p>[\/vc_column_text][\/vc_column][\/vc_row][vc_row full_width=&#8221;stretch_row&#8221; equal_height=&#8221;yes&#8221; content_placement=&#8221;middle&#8221; css=&#8221;.vc_custom_1718419703234{margin-top: 40px !important;margin-bottom: 70px !important;padding-top: 80px !important;padding-bottom: 80px !important;background-color: #fafafa !important;}&#8221; el_class=&#8221;AboutRow&#8221;][vc_column width=&#8221;1\/2&#8243; el_class=&#8221;stm-col-pad-right&#8221;][vc_column_text css=&#8221;&#8221;]Como o &#8216;navio almirante&#8217; da gama SPX, o SPX 38 oferece tudo o que espera da marca, com mais espa\u00e7o para incorporar ainda mais excelentes caracter\u00edsticas de design e uma excelente aten\u00e7\u00e3o aos detalhes.<\/p>\n<p>[\/vc_column_text][vc_column_text css=&#8221;.vc_custom_1719040700632{padding-top: 10px !important;padding-bottom: 10px !important;}&#8221;]Este \u00e9 um barco para o propriet\u00e1rio exigente que procura um desempenho desportivo excecional num RIB desportivo multiusos para pernoitar. Pode potenciar o casco ao m\u00e1ximo e obter divers\u00e3o em alta velocidade, cobrir quil\u00f3metros economicamente a velocidades de cruzeiro e manobrar facilmente a baixas velocidades. Debaixo do deck encontra-se uma espa\u00e7osa \u00e1rea de cabine com tudo o que espera de um ve\u00edculo de turismo para pernoitar como este.<\/p>\n<p>[\/vc_column_text][vc_column_text css=&#8221;.vc_custom_1719040719830{padding-bottom: 10px !important;}&#8221;]H\u00e1 mais espa\u00e7o para sol no deck e, por isso, o 38 tem um acesso pedonal em ambos os lados da consola para a \u00e1rea de espregui\u00e7adeira dianteira.<\/p>\n<p>[\/vc_column_text][\/vc_column][vc_column width=&#8221;1\/2&#8243; el_class=&#8221;stm-col-pad-left&#8221;][vc_single_image image=&#8221;3900&#8243; img_size=&#8221;large&#8221; css=&#8221;.vc_custom_1719040864768{margin-bottom: 0px !important;}&#8221; stm_fancybox=&#8221;yes&#8221;][\/vc_column][\/vc_row][vc_row css=&#8221;.vc_custom_1719036257017{padding-bottom: 62px !important;}&#8221;][vc_column][vc_tta_tabs][vc_tta_section title=&#8221;Carater\u00edstica padr\u00e3o&#8221; tab_id=&#8221;1719035360998-ad7c3937-6559&#8243;][vc_row_inner][vc_column_inner width=&#8221;1\/3&#8243; css=&#8221;.vc_custom_1719035919298{padding-top: 10px !important;padding-right: 10px !important;padding-bottom: 10px !important;padding-left: 10px !important;}&#8221;][vc_raw_html css=&#8221;&#8221;]PHVsIGNsYXNzPSJsaXN0LXN0eWxlLTIiPgogICAgICAgIDxsaT5LaXQgZGUgY2FycmVnYWRvciBkZSBiYXRlcmlhLCBmaWNoYSBkZSBhw6dvIGlub3hpZMOhdmVsLCBjYWJvIGRlIDE1IG08L2xpPgo8bGk+R3VpbmNobyAoNzAwdyksIMOibmNvcmEgZGUgYcOnbyBpbm94aWTDoXZlbCBkZSAxMCBrZywgY29ycmVudGUgZGUgNTAgbTwvbGk+CjxsaT5SZXNpbmEgZGUgdmluaWzDqXN0ZXIsIGdlbGNvYXQgZGUgbmVvcGVudGlsPC9saT4KPGxpPlRlY2lkbyBPcmNhIDE2NzAgRFRFWDwvbGk+CjxsaT5Fc2NhZGEgZG9icsOhdmVsIGVtIGHDp28gaW5veGlkw6F2ZWw8L2xpPgo8bGk+U2lzdGVtYSBlbMOpdHJpY28gY29tcGxldG8gY29tIGFybcOhcmlvPC9saT4KPGxpPkludmVyc29yIGRlIDIyMFY8L2xpPgo8bGk+UG9ydGFzIFVTQiAoMiBubyBkZWNrLCAyIG5hIGNhYmluZSk8L2xpPgo8bGk+Q296aW5oYSAocG9kZSBzZXIgcGVyc29uYWxpemFkYSk8L2xpPgo8bGk+SWx1bWluYcOnw6NvIExFRCBkYSBjYWJpbmU8L2xpPgo8bGk+UGFpbmVsIGRhIGNvbnNvbGEgY29tIGVmZWl0byBkZSBjYXJib25vPC9saT4KPGxpPlRlY2Egc2ludMOpdGljYSBjb21wbGV0YTwvbGk+CjxsaT5ObzIgU2NhbGV0dGUgSU5PWCBwaWVnaGV2b2xpIGEgc2NvbXBhcnNhPC9saT4KICAgIDwvdWw+[\/vc_raw_html][\/vc_column_inner][vc_column_inner width=&#8221;1\/3&#8243; css=&#8221;.vc_custom_1719035929939{padding-top: 10px !important;padding-right: 10px !important;padding-bottom: 10px !important;padding-left: 10px !important;}&#8221;][vc_raw_html css=&#8221;&#8221;]PHVsIGNsYXNzPSJsaXN0LXN0eWxlLTIiPgogICAgICAgCjxsaT5TaXN0ZW1hIGRlIGR1Y2hlIGNvbSBkZXDDs3NpdG8gZGUgw6FndWEgZG9jZSBkZSAxNTAgTHQuPC9saT4KPGxpPkNhc2EgZGUgYmFuaG8gY29tIGR1Y2hlPC9saT4KPGxpPkZyaWdvcsOtZmljbyBleHRlcm5vIGRlIDg1IEx0LjwvbGk+CjxsaT5EdWNoZXMgZGUgcG9wYSAoMik8L2xpPgo8bGk+Qm9tYmFzIGRlIGVzZ290byBlbMOpdHJpY2FzICgyKSBlIGJvbWJhIG1hbnVhbDwvbGk+CjxsaT5EZXDDs3NpdG8gZGUgY29tYnVzdMOtdmVsIGRlIDgwMCBMdC4gY29tIG1lZGlkb3I8L2xpPgo8bGk+VmVudG9pbmhhIGRlIGV4dHJhw6fDo288L2xpPgo8bGk+SW50ZXJydXB0b3JlcyBkYSBjb25zb2xhIHJldHJvaWx1bWluYWRvcyBlIGLDunNzb2xhPC9saT4KPGxpPkJ1emluYSBjb20gZ3JlbGhhIGNyb21hZGE8L2xpPgo8bGk+TWVzYXMgZGUgcG9wYSAoMik8L2xpPgo8bGk+UGxhdGFmb3JtYXMgZGUgcG9wYSBjb20gcGFzc2FnZW0gY2VudHJhbDwvbGk+CjxsaT4yIGN1bmhvcyBkZSBwcm9hLCAyIGN1bmhvcyBkZSBwb3BhIGUgMiBhIG1laW8gZG8gbmF2aW88L2xpPgogICAgPC91bD4=[\/vc_raw_html][\/vc_column_inner][vc_column_inner width=&#8221;1\/3&#8243; css=&#8221;.vc_custom_1719035939306{padding-top: 10px !important;padding-right: 10px !important;padding-bottom: 10px !important;padding-left: 10px !important;}&#8221;][vc_raw_html css=&#8221;&#8221;]PHVsIGNsYXNzPSJsaXN0LXN0eWxlLTIiPgogICAgICAgIAo8bGk+THV6ZXMgZGUgbmF2ZWdhw6fDo28gZSBsdXogZGUgw6JuY29yYSBjb20gaGFzdGUgZGUgYcOnbyBpbm94aWTDoXZlbDwvbGk+CjxsaT5Fc2NvdGlsaGEgZGUgcG9wYSBlbGV0cm9hY2lvbmFkYTwvbGk+CjxsaT5DYWJpbmUgZGUgcHJvYSBjb20gZ3JhbmRlcyBqYW5lbGFzIGUgaWx1bWluYcOnw6NvIExFRDwvbGk+CjxsaT5DYWJpbmUgYSBtZWlvIGRvIG5hdmlvPC9saT4KPGxpPkFybcOhcmlvIGRlIGFycnVtYcOnw6NvIHNvYiBhIGNhYmluZSBjZW50cmFsPC9saT4KPGxpPklsdW1pbmHDp8OjbyBMRUQgZGEgY2FiaW5lPC9saT4KPGxpPkdlbGNvYXQgaW50ZXJpb3IgcGVyc29uYWxpemFkbzwvbGk+CjxsaT5BcnJ1bWHDp8O1ZXMgZGUgcHJvYSAoMik8L2xpPgo8bGk+UmV2ZXN0aW1lbnRvIGRhIHBhcmVkZSBpbnRlcmlvciBkYSBjYWJpbmU8L2xpPgo8bGk+UGxhY2EgZGUgY2Vyw6JtaWNhPC9saT4KICAgIDwvdWw+[\/vc_raw_html][\/vc_column_inner][\/vc_row_inner][\/vc_tta_section][vc_tta_section title=&#8221;Extras opcionais&#8221; tab_id=&#8221;1719035949441-3fc80e7b-8808&#8243;][vc_row_inner][vc_column_inner width=&#8221;1\/3&#8243; css=&#8221;.vc_custom_1719035919298{padding-top: 10px !important;padding-right: 10px !important;padding-bottom: 10px !important;padding-left: 10px !important;}&#8221;][vc_raw_html css=&#8221;&#8221;]PHVsIGNsYXNzPSJsaXN0LXN0eWxlLTIiPgogICAgICAgIDxsaT5DYXBhIGRhIGNvbnNvbGE8L2xpPgo8bGk+Q29iZXJ0dXJhIHRvdGFsPC9saT4KPGxpPkNhcGEgZG8gYmFuY28gZG8gcGlsb3RvPC9saT4KPGxpPlRvbGRvIGRlIHNvbCB0ZWxlc2PDs3BpY28gY29tIDMgYXJjb3MgZW0gYcOnbyAzMTY8L2xpPgo8bGk+VC1Ub3AgY29tIGx1emVzIExFRCBlIGFsdGlmYWxhbnRlczwvbGk+CjxsaT5TdXBvcnRlcyBkZSBtZXNhIGVsw6l0cmljb3M8L2xpPgo8bGk+RWxldHLDs25pY2EgcGVyc29uYWxpemFkYTwvbGk+CjxsaT5Qcm9wdWxzb3IgZGUgcHJvYTwvbGk+CiAgICA8L3VsPg==[\/vc_raw_html][\/vc_column_inner][vc_column_inner width=&#8221;1\/3&#8243; css=&#8221;.vc_custom_1719035929939{padding-top: 10px !important;padding-right: 10px !important;padding-bottom: 10px !important;padding-left: 10px !important;}&#8221;][vc_raw_html css=&#8221;&#8221;]PHVsIGNsYXNzPSJsaXN0LXN0eWxlLTIiPgogICAgICAgIDxsaT5Db250cm9sbyByZW1vdG8gZG8gZ3VpbmNobzwvbGk+CjxsaT5Db250YWRvciBkZSBjb3JyZW50ZTwvbGk+CjxsaT5MdXplcyBzdWJhcXXDoXRpY2FzPC9saT4KPGxpPkZyaWdvcsOtZmljbyBuYSBjYWJpbmUgNjUgTHQuPC9saT4KPGxpPkNhbGRlaXJhIGRlIMOhZ3VhIHF1ZW50ZSAzMCBMdC48L2xpPgo8bGk+TcOhcXVpbmEgZGUgZ2VsbzwvbGk+CjxsaT5UViAyNCw1IiBjb20gRFZEIGUgYW50ZW5hIHBhZHLDo28gZGVudHJvIGRhIGNhYmluZTwvbGk+CjxsaT5UViBzYXTDqWxpdGU8L2xpPgogPC91bD4=[\/vc_raw_html][\/vc_column_inner][vc_column_inner width=&#8221;1\/3&#8243; css=&#8221;.vc_custom_1719035939306{padding-top: 10px !important;padding-right: 10px !important;padding-bottom: 10px !important;padding-left: 10px !important;}&#8221;][vc_raw_html css=&#8221;&#8221;]PHVsIGNsYXNzPSJsaXN0LXN0eWxlLTIiPgogICAgICAKPGxpPkFyIGNvbmRpY2lvbmFkbyBtZWRpdGVycsOibmljbyBlIGdlcmFkb3IgZGUgMyw1IEt3PC9saT4KPGxpPkFyIGNvbmRpY2lvbmFkbyBtZWRpdGVycsOibmljbyBhcGVuYXMgcGFyYSBkb2NhPC9saT4KPGxpPk1hdGVyaWFsIGRvIHR1Ym8gcGVyc29uYWxpemFkbyAoZWZlaXRvIGNhcmJvbm8vdGVjaWRvKTwvbGk+CjxsaT5HZWxjb2F0IGludGVyaW9yIHBlcnNvbmFsaXphZG88L2xpPgo8bGk+UGVyc29uYWxpemHDp8OjbyBkYSBjb3IgZG8gdHVibyBlIGRhIGFsbW9mYWRhIGNvbSBjb3N0dXJhcyBjb250cmFzdGFudGVzPC9saT4KPGxpPkNvcmVzIGRlIGdlbCBwZXJzb25hbGl6YWRhczwvbGk+CjxsaT5Sw6FkaW8gVkhGPC9saT4KPGxpPk9ww6fDtWVzIGRlIMOhdWRpbyBGdXNpb248L2xpPgo8bGk+TWFzdHJvIGRlIGVzcXVpPC9saT4KPGxpPlBlZ2FzIGRlIGVzY2FsYWRhIGVtIGHDp28gaW5veGlkw6F2ZWwgMzE2ICgyKTwvbGk+CjwvdWw+[\/vc_raw_html][\/vc_column_inner][\/vc_row_inner][\/vc_tta_section][\/vc_tta_tabs][\/vc_column][\/vc_row][vc_row full_width=&#8221;stretch_row&#8221; css=&#8221;.vc_custom_1719041581784{padding-top: 80px !important;padding-bottom: 80px !important;background-color: #fafafa !important;}&#8221;][vc_column][vc_column_text css=&#8221;&#8221;]<\/p>\n<p style=\"text-align: center;\">*Composi\u00e7\u00e3o da cabine: cama de casal, janela grande, n.\u00ba 2 unidades de arruma\u00e7\u00e3o, cabines com efeito de madeira no ch\u00e3o, ilumina\u00e7\u00e3o LED completa com projetores no teto, candeeiros de parede com ilumina\u00e7\u00e3o direcional e porta USB, tomada de 220 V, revestimentos de antepara da vers\u00e3o standard em laminado com efeito de madeira, compartimentos de arruma\u00e7\u00e3o, prepara\u00e7\u00e3o para TV.<\/p>\n<p>[\/vc_column_text][vc_column_text css=&#8221;.vc_custom_1719041634407{padding-top: 15px !important;}&#8221;]<\/p>\n<p style=\"text-align: center;\">**Casa de banho: duche grande com difusor de \u00e1gua quente\/fria e carabottino de teca, sanita el\u00e9trica com dep\u00f3sito de \u00e1guas negras de acordo com as normas CE, lavat\u00f3rio com espelho e v\u00e1rios arm\u00e1rios, ilumina\u00e7\u00e3o LED, tomada de 220 V e tomada USB, janela.<\/p>\n<p>[\/vc_column_text][\/vc_column][\/vc_row]<\/p>\n<\/div>","protected":false},"excerpt":{"rendered":"<p>[vc_row full_width=&#8221;stretch_row_content_no_spaces&#8221; content_placement=&#8221;middle&#8221; css=&#8221;.vc_custom_1719040504820{padding-top: 140px !important;padding-bottom: 140px !important;background-image: url(http:\/\/www.algarveboatsales.com\/wp-content\/uploads\/2024\/06\/SPX_38_hero-1.jpg?id=3894) !important;background-position: center !important;background-repeat: no-repeat !important;background-size: cover !important;}&#8221; el_id=&#8221;oferta&#8221;][vc_column][vc_custom_heading source=&#8221;post_title&#8221; font_container=&#8221;tag:h2|text_align:center|color:%23ffffff&#8221; use_theme_fonts=&#8221;yes&#8221; css=&#8221;&#8221;][stm_color_separator css=&#8221;.vc_custom_1445510911464{margin-top: 17px !important;margin-bottom: 25px !important;}&#8221;][\/vc_column][\/vc_row][vc_row full_width=&#8221;stretch_row&#8221; css=&#8221;.vc_custom_1719033685113{padding-top: 80px !important;padding-bottom: 80px !important;background-color: #fafafa !important;}&#8221;][vc_column][vc_custom_heading text=&#8221;Pre\u00e7o a partir de 315.000 \u20ac inc. IVA&#8221; font_container=&#8221;tag:h3|text_align:center|color:%23f10404&#8243; google_fonts=&#8221;font_family:Montserrat%3Aregular%2C700|font_style:700%20bold%20regular%3A700%3Anormal&#8221; css=&#8221;&#8221;][vc_raw_html css=&#8221;&#8221; el_class=&#8221;spx24&#8243;]IDx0YWJsZT4KICAgICAgICA8Y2FwdGlvbj5BU1BFVE9TIFBSSU5DSVBBSVM8L2NhcHRpb24+CiAgICAgICA8dHI+CiAgICAgICAgICAgIDx0ZD5Db21wcmltZW50byAoVG90YWwpPC90ZD4KICAgICAgICAgICAgPHRkPjEyIG08L3RkPgogICAgICAgIDwvdHI+CiAgICAgICAgPHRyPgogICAgICAgICAgICA8dGQ+Qm9jYTwvdGQ+CiAgICAgICAgICAgIDx0ZD4xMSw3IG08L3RkPgogICAgICAgIDwvdHI+CiAgICAgICAgPHRyPgogICAgICAgICAgICA8dGQ+UGVzbzwvdGQ+CiAgICAgICAgICAgIDx0ZD4zMDAwIGtnPC90ZD4KICAgICAgICA8L3RyPgogICAgICAgIDx0cj4KICAgICAgICAgICAgPHRkPkNhcGFjaWRhZGU8L3RkPgogICAgICAgICAgICA8dGQ+MTggUGVzc29hczwvdGQ+CiAgICAgICAgPC90cj4KICAgICAgICA8dHI+CiAgICAgICAgICAgIDx0ZD5EacOibWV0cm8gZG8gdHVibzwvdGQ+CiAgICAgICAgICAgIDx0ZD41MyBjbTwvdGQ+CiAgICAgICAgPC90cj4KICAgICAgICA8dHI+CiAgICAgICAgICAgIDx0ZD5Qb3TDqm5jaWEgTcOheC4gKENWKTwvdGQ+CiAgICAgICAgICAgIDx0ZD4xMzUwIENWL0hQPC90ZD4KICAgICAgICA8L3RyPgogICAgICAgIDx0cj4KICAgICAgICAgICAgPHRkPlBvdMOqbmNpYSBNw61uLiAoQ1YpPC90ZD4KICAgICAgICAgICAgPHRkPjYwMCBDVi9IUDwvdGQ+CiAgICAgICAgPC90cj4KICAgICAgICA8dHI+CiAgICAgICAgICAgIDx0ZD5Qb3TDqm5jaWEgUmVjLiAoQ1YpPC90ZD4KICAgICAgICAgICAgPHRkPjcwMCBDVi9IUDwvdGQ+CiAgICAgICAgPC90cj4KICAgICAgICA8dHI+CiAgICAgICAgICAgIDx0ZD5DYXRlZ29yaWEgZGUgZGVzaWduPC90ZD4KICAgICAgICAgICAgPHRkPkNhdGVnb3JpYSBCPC90ZD4KICAgICAgICA8L3RyPgogICAgICAgIAogICAgPC90YWJsZT4=[\/vc_raw_html][\/vc_column][\/vc_row][vc_row equal_height=&#8221;yes&#8221; content_placement=&#8221;middle&#8221; css=&#8221;.vc_custom_1718419169359{margin-top: 40px !important;margin-bottom: 70px !important;padding-top: 40px&#8230;<\/p>\n","protected":false},"author":6,"featured_media":0,"parent":0,"menu_order":0,"comment_status":"closed","ping_status":"closed","template":"","meta":{"footnotes":""},"class_list":["post-5790","page","type-page","status-publish","hentry"],"jetpack_sharing_enabled":true,"_links":{"self":[{"href":"https:\/\/www.algarveboatsales.com\/pt-pt\/wp-json\/wp\/v2\/pages\/5790","targetHints":{"allow":["GET"]}}],"collection":[{"href":"https:\/\/www.algarveboatsales.com\/pt-pt\/wp-json\/wp\/v2\/pages"}],"about":[{"href":"https:\/\/www.algarveboatsales.com\/pt-pt\/wp-json\/wp\/v2\/types\/page"}],"author":[{"embeddable":true,"href":"https:\/\/www.algarveboatsales.com\/pt-pt\/wp-json\/wp\/v2\/users\/6"}],"replies":[{"embeddable":true,"href":"https:\/\/www.algarveboatsales.com\/pt-pt\/wp-json\/wp\/v2\/comments?post=5790"}],"version-history":[{"count":8,"href":"https:\/\/www.algarveboatsales.com\/pt-pt\/wp-json\/wp\/v2\/pages\/5790\/revisions"}],"predecessor-version":[{"id":5809,"href":"https:\/\/www.algarveboatsales.com\/pt-pt\/wp-json\/wp\/v2\/pages\/5790\/revisions\/5809"}],"wp:attachment":[{"href":"https:\/\/www.algarveboatsales.com\/pt-pt\/wp-json\/wp\/v2\/media?parent=5790"}],"curies":[{"name":"wp","href":"https:\/\/api.w.org\/{rel}","templated":true}]}}