{"id":5712,"date":"2024-07-05T11:29:32","date_gmt":"2024-07-05T11:29:32","guid":{"rendered":"https:\/\/www.algarveboatsales.com\/docks-flutuantes\/"},"modified":"2026-01-12T17:31:49","modified_gmt":"2026-01-12T17:31:49","slug":"docks-flutuantes","status":"publish","type":"page","link":"https:\/\/www.algarveboatsales.com\/pt-pt\/docks-flutuantes\/","title":{"rendered":"Docks flutuantes"},"content":{"rendered":"<div class=\"wpb-content-wrapper\"><p>[vc_row full_width=&#8221;stretch_row_content_no_spaces&#8221;][vc_column video_bg=&#8221;yes&#8221; video_bg_url=&#8221;https:\/\/www.youtube.com\/watch?v=vJ5QiXgBaxQ&#8221;][vc_empty_space][vc_empty_space][vc_empty_space][vc_custom_heading source=&#8221;post_title&#8221; font_container=&#8221;tag:h2|text_align:center|color:%23FFFFFF&#8221; use_theme_fonts=&#8221;yes&#8221; css=&#8221;&#8221;][vc_empty_space][vc_empty_space][vc_empty_space][vc_empty_space][\/vc_column][\/vc_row][vc_row full_width=&#8221;stretch_row&#8221; full_height=&#8221;yes&#8221; columns_placement=&#8221;top&#8221; equal_height=&#8221;yes&#8221; css=&#8221;.vc_custom_1719042408753{padding-top: 80px !important;padding-bottom: 15px !important;background-color: #f7f7f7 !important;}&#8221;][vc_column css=&#8221;.vc_custom_1718426953849{margin-top: 10px !important;padding-top: 12px !important;padding-right: 12px !important;padding-bottom: 12px !important;padding-left: 12px !important;background-color: #ffffff !important;border-color: #fafafa !important;}&#8221; el_class=&#8221;maintenance-box&#8221;][vc_single_image image=&#8221;5315&#8243; img_size=&#8221;&#8221; alignment=&#8221;center&#8221; css=&#8221;&#8221;][vc_column_text css=&#8221;&#8221;]<\/p>\n<h1 class=\"pagehead small-12 cell text-center\">Dock Drive-on | Dock Drive-On \u2013 Standard<\/h1>\n<div id=\"the_archive_description\" class=\"small-12 large-push-2 large-8 medium-push-1 medium-10 cell\">\n<p>Conduza e lance para dentro e para fora da \u00e1gua em segundos com o nosso dock est\u00e1tico drive-on. Compat\u00edvel com motores de popa, de centro-rabeta e a jato, o nosso V-float patenteado pode ser configurado para se adequar a uma variedade de formatos, incluindo cascos escalonados e com foils. O nosso sistema exclusivo de vigas de refor\u00e7o melhora a sua experi\u00eancia de dock drive-on, mantendo o dock plano.  <\/p>\n<p>Ao combinar o nosso sistema modular e uma vasta gama de acess\u00f3rios, pode personalizar uma solu\u00e7\u00e3o de dockagem perfeita para si e adapt\u00e1-la \u00e0 medida que avan\u00e7a. O dock drive-on da VersaDock \u00e9 ideal para clubes e centros, marinas, estaleiros e propriedades \u00e0 beira-mar. <\/p>\n<\/div>\n<p>[\/vc_column_text][vc_single_image image=&#8221;5318&#8243; img_size=&#8221;full&#8221; alignment=&#8221;center&#8221; css=&#8221;&#8221;][vc_column_text css=&#8221;&#8221;]Combinado com acess\u00f3rios de alta qualidade, como os nossos sistemas de guincho traseiro manual ou el\u00e9trico, que lhe permitem enrolar os barcos para dentro e para fora do dock, o sistema VersaDock destaca-se da concorr\u00eancia.<\/p>\n<ul>\n<li>Um casco seco significa baixa manuten\u00e7\u00e3o, sem anti-incrustantes e sem crescimento no casco.<\/li>\n<li>Sistema de flutua\u00e7\u00e3o modular para funcionar com qualquer formato de dock.<\/li>\n<li>O nosso V-Float patenteado pode ser configurado para se adequar a uma variedade de formatos de casco, mesmo cascos escalonados e com foils.<\/li>\n<li>Pode ser instalada uma \u00e1rea de passeio adicional \u00e0 volta do seu barco.<\/li>\n<li>Adicione grades de seguran\u00e7a e prote\u00e7\u00e3o opcionais \u00e0 volta do seu dock.<\/li>\n<li>Flutuadores de PEAD dur\u00e1veis e estabilizados contra raios UV.<\/li>\n<li>Guinchos, cabos e moit\u00f5es certificados.<\/li>\n<li>O design \u00e9 autoalinh\u00e1vel &#8211; o nosso sistema exclusivo de vigas em T de refor\u00e7o mant\u00e9m o seu dock plano e garante a facilidade de utiliza\u00e7\u00e3o do seu dock durante muitos anos.<\/li>\n<li>Sem \u00e1reas abertas para trope\u00e7ar ou cair.<\/li>\n<li>Ber\u00e7o em V patenteado, sem pe\u00e7as m\u00f3veis.<\/li>\n<li>Reduz a corros\u00e3o da perna\/h\u00e9lice do motor.<\/li>\n<li>Sem espera por pilhas secas, sem filas em rampas.<\/li>\n<li>Kit chave-na-m\u00e3o, auto montagem ou solu\u00e7\u00f5es instaladas.<\/li>\n<\/ul>\n<p>Preocupa-se com o facto de poder mudar de barco no futuro e o dock n\u00e3o servir ou n\u00e3o ser necess\u00e1rio? N\u00e3o h\u00e1 problema! A natureza modular do produto significa que podemos alterar qualquer dock para se adequar \u00e0 sua pr\u00f3xima embarca\u00e7\u00e3o e, se a sua pr\u00f3xima embarca\u00e7\u00e3o for um veleiro, a VersaDock oferecer-se-\u00e1 sempre para recomprar e remover o seu dock. Essa \u00e9 a diferen\u00e7a da VersaDock.[\/vc_column_text][\/vc_column][\/vc_row][vc_row full_width=&#8221;stretch_row&#8221; css=&#8221;.vc_custom_1760967368822{padding-top: 5px !important;padding-bottom: 80px !important;background-color: #f7f7f7 !important;}&#8221;][vc_column width=&#8221;1\/2&#8243;][vc_single_image image=&#8221;5324&#8243; img_size=&#8221;full&#8221; alignment=&#8221;center&#8221; css=&#8221;&#8221;][vc_column_text css=&#8221;&#8221;]<\/p>\n<h1 class=\"pagehead small-12 cell text-center\">Dock Drive-on | Jet Ski Standard<\/h1>\n<div id=\"the_archive_description\" class=\"small-12 large-push-2 large-8 medium-push-1 medium-10 cell\">\n<p>Conduza sem esfor\u00e7o o seu jet ski diretamente para o sistema de dock drive-on da VersaDock. O nosso sistema modular avan\u00e7ado \u00e9 capaz de se adaptar a qualquer formato de dock e adequar-se a qualquer tamanho ou modelo de ski. Ao manter o seu jet ski fora da \u00e1gua, os nossos docks oferecem uma forma simples e altamente eficaz de proteger o seu investimento e facilitam a manuten\u00e7\u00e3o e a limpeza.  <\/p>\n<p>Com o sistema modular da VersaDock, podemos configurar desde um \u00fanico dock para jet ski at\u00e9 um pont\u00e3o para mais de 100. Se atualizar o seu jet ski, os nossos docks podem ser facilmente modificados para se adaptarem ao seu novo ve\u00edculo. <\/p>\n<\/div>\n<div id=\"the_archive_description\" class=\"small-12 large-push-2 large-8 medium-push-1 medium-10 cell\">\n<p>Com a sua almofada de proa com absor\u00e7\u00e3o de choque, passadi\u00e7os antiderrapantes largos e capaz de suportar jet skis at\u00e9 907 kg\/2000 lbs, o dock drive-on EPIC significa que pode atracar a sua embarca\u00e7\u00e3o com confian\u00e7a sempre.<\/p>\n<\/div>\n<p>[\/vc_column_text][\/vc_column][vc_column width=&#8221;1\/2&#8243;][vc_single_image image=&#8221;5322&#8243; img_size=&#8221;full&#8221; alignment=&#8221;center&#8221; css=&#8221;&#8221;][vc_column_text css=&#8221;&#8221;]<\/p>\n<h1 class=\"pagehead small-12 cell text-center\">Dock Drive-on | Jet Ski Epic\u2122<\/h1>\n<div id=\"the_archive_description\" class=\"small-12 large-push-2 large-8 medium-push-1 medium-10 cell\">\n<p>O EPIC\u2122 \u00e9 um dock de uma s\u00f3 pe\u00e7a, f\u00e1cil de conduzir e empurrar, que oferece uma forma segura e est\u00e1vel de guardar o seu jet ski. Adequado para \u00e1gua salgada ou doce e simples de instalar, o EPIC tem liga\u00e7\u00f5es e pontos de ancoragem para o tornar compat\u00edvel com quase qualquer configura\u00e7\u00e3o de amarra\u00e7\u00e3o. <\/p>\n<p>Com a sua almofada de proa com absor\u00e7\u00e3o de choque, passadi\u00e7os antiderrapantes largos e capaz de suportar jet skis at\u00e9 907 kg\/2000 lbs, o dock drive-on EPIC significa que pode atracar a sua embarca\u00e7\u00e3o com confian\u00e7a sempre.<\/p>\n<\/div>\n<p>[\/vc_column_text][\/vc_column][\/vc_row][vc_row][vc_column][vc_empty_space][\/vc_column][\/vc_row][vc_row][vc_column][vc_single_image image=&#8221;5326&#8243; img_size=&#8221;full&#8221; alignment=&#8221;center&#8221; css=&#8221;&#8221;][vc_column_text css=&#8221;&#8221;]<\/p>\n<h1 class=\"pagehead small-12 cell text-center\">Dock Drive-on | HarborHoist<\/h1>\n<div id=\"the_archive_description\" class=\"small-12 large-push-2 large-8 medium-push-1 medium-10 cell\">\n<p>O HarborHoist foi projetado por especialistas para tornar a dockagem e o lan\u00e7amento do seu barco sem esfor\u00e7o com o toque de um bot\u00e3o.<\/p>\n<p>Este sistema de eleva\u00e7\u00e3o vertical \u00e9 personalizado para uma compatibilidade perfeita com qualquer formato de casco ou sistema de propuls\u00e3o, acomodando barcos at\u00e9 11 toneladas e 4,1 metros de largura.<\/p>\n<p>O HarborHoist elimina a necessidade de anti-incrustantes, reduz a necessidade de manuten\u00e7\u00e3o e proporciona f\u00e1cil acesso para manuten\u00e7\u00e3o e limpeza. Adequado tanto para \u00e1gua doce como salgada, o nosso sistema funciona em \u00e1gua com apenas 1 metro de profundidade. <\/p>\n<\/div>\n<p>[\/vc_column_text][\/vc_column][\/vc_row][vc_row][vc_column][vc_empty_space][vc_empty_space][\/vc_column][\/vc_row][vc_row][vc_column][vc_single_image image=&#8221;5315&#8243; img_size=&#8221;&#8221; alignment=&#8221;center&#8221; css=&#8221;&#8221;][\/vc_column][\/vc_row]<\/p>\n<\/div>","protected":false},"excerpt":{"rendered":"<p>[vc_row full_width=&#8221;stretch_row_content_no_spaces&#8221;][vc_column video_bg=&#8221;yes&#8221; video_bg_url=&#8221;https:\/\/www.youtube.com\/watch?v=vJ5QiXgBaxQ&#8221;][vc_empty_space][vc_empty_space][vc_empty_space][vc_custom_heading source=&#8221;post_title&#8221; font_container=&#8221;tag:h2|text_align:center|color:%23FFFFFF&#8221; use_theme_fonts=&#8221;yes&#8221; css=&#8221;&#8221;][vc_empty_space][vc_empty_space][vc_empty_space][vc_empty_space][\/vc_column][\/vc_row][vc_row full_width=&#8221;stretch_row&#8221; full_height=&#8221;yes&#8221; columns_placement=&#8221;top&#8221; equal_height=&#8221;yes&#8221; css=&#8221;.vc_custom_1719042408753{padding-top: 80px !important;padding-bottom: 15px !important;background-color: #f7f7f7 !important;}&#8221;][vc_column css=&#8221;.vc_custom_1718426953849{margin-top: 10px !important;padding-top: 12px !important;padding-right: 12px !important;padding-bottom: 12px !important;padding-left: 12px !important;background-color: #ffffff !important;border-color: #fafafa !important;}&#8221; el_class=&#8221;maintenance-box&#8221;][vc_single_image image=&#8221;5315&#8243; img_size=&#8221;&#8221; alignment=&#8221;center&#8221; css=&#8221;&#8221;][vc_column_text css=&#8221;&#8221;] Dock Drive-on | Dock Drive-On \u2013 Standard Conduza e lance para dentro e para fora&#8230;<\/p>\n","protected":false},"author":6,"featured_media":0,"parent":0,"menu_order":0,"comment_status":"closed","ping_status":"closed","template":"","meta":{"footnotes":""},"class_list":["post-5712","page","type-page","status-publish","hentry"],"jetpack_sharing_enabled":true,"_links":{"self":[{"href":"https:\/\/www.algarveboatsales.com\/pt-pt\/wp-json\/wp\/v2\/pages\/5712","targetHints":{"allow":["GET"]}}],"collection":[{"href":"https:\/\/www.algarveboatsales.com\/pt-pt\/wp-json\/wp\/v2\/pages"}],"about":[{"href":"https:\/\/www.algarveboatsales.com\/pt-pt\/wp-json\/wp\/v2\/types\/page"}],"author":[{"embeddable":true,"href":"https:\/\/www.algarveboatsales.com\/pt-pt\/wp-json\/wp\/v2\/users\/6"}],"replies":[{"embeddable":true,"href":"https:\/\/www.algarveboatsales.com\/pt-pt\/wp-json\/wp\/v2\/comments?post=5712"}],"version-history":[{"count":2,"href":"https:\/\/www.algarveboatsales.com\/pt-pt\/wp-json\/wp\/v2\/pages\/5712\/revisions"}],"predecessor-version":[{"id":5714,"href":"https:\/\/www.algarveboatsales.com\/pt-pt\/wp-json\/wp\/v2\/pages\/5712\/revisions\/5714"}],"wp:attachment":[{"href":"https:\/\/www.algarveboatsales.com\/pt-pt\/wp-json\/wp\/v2\/media?parent=5712"}],"curies":[{"name":"wp","href":"https:\/\/api.w.org\/{rel}","templated":true}]}}