{"id":5690,"date":"2024-06-15T04:58:54","date_gmt":"2024-06-15T04:58:54","guid":{"rendered":"https:\/\/www.algarveboatsales.com\/armazenamento-interior\/"},"modified":"2026-01-12T17:31:27","modified_gmt":"2026-01-12T17:31:27","slug":"armazenamento-interior","status":"publish","type":"page","link":"https:\/\/www.algarveboatsales.com\/pt-pt\/armazenamento-interior\/","title":{"rendered":"Armazenamento Interior"},"content":{"rendered":"<div class=\"wpb-content-wrapper\"><p>[vc_row full_width=&#8221;stretch_row_content_no_spaces&#8221; content_placement=&#8221;bottom&#8221; video_bg=&#8221;yes&#8221; video_bg_url=&#8221;https:\/\/www.youtube.com\/watch?v=j4tU4S42&#8211;Y&#8221;][vc_column][stm_color_separator align=&#8221;text-right&#8221;][stm_color_separator align=&#8221;text-right&#8221;][vc_custom_heading text=&#8221;ARMAZENAMENTO INTERIOR&#8221; font_container=&#8221;tag:h2|text_align:center|color:%23ffffff&#8221; use_theme_fonts=&#8221;yes&#8221; css=&#8221;&#8221;][stm_color_separator align=&#8221;text-right&#8221;][stm_color_separator align=&#8221;text-right&#8221;][\/vc_column][\/vc_row][vc_row equal_height=&#8221;yes&#8221; content_placement=&#8221;middle&#8221; css=&#8221;.vc_custom_1718419169359{margin-top: 40px !important;margin-bottom: 70px !important;padding-top: 40px !important;padding-bottom: 40px !important;}&#8221; el_class=&#8221;AboutRow&#8221;][vc_column width=&#8221;1\/2&#8243; el_class=&#8221;stm-col-pad-right&#8221;][vc_single_image image=&#8221;2739&#8243; img_size=&#8221;large&#8221; css=&#8221;.vc_custom_1718427922699{margin-bottom: 0px !important;}&#8221; stm_fancybox=&#8221;yes&#8221;][vc_single_image image=&#8221;4387&#8243; img_size=&#8221;large&#8221; css=&#8221;.vc_custom_1728391574379{margin-bottom: 0px !important;padding-top: 10px !important;}&#8221; stm_fancybox=&#8221;yes&#8221;][\/vc_column][vc_column width=&#8221;1\/2&#8243; el_class=&#8221;stm-col-pad-left&#8221;][vc_column_text css=&#8221;&#8221;]<\/p>\n<div class=\"elementor-element elementor-element-3c8e1ca elementor-widget elementor-widget-heading\" data-id=\"3c8e1ca\" data-element_type=\"widget\" data-widget_type=\"heading.default\">\n<div class=\"elementor-widget-container\">\n<div class=\"elementor-element elementor-element-54c59b4 elementor-widget elementor-widget-heading\" data-id=\"54c59b4\" data-element_type=\"widget\" data-widget_type=\"heading.default\">\n<div class=\"elementor-widget-container\">\n<h3 class=\"elementor-heading-title elementor-size-default\"><span style=\"color: #f10404;\">PACOTES DE ARMAZENAMENTO<\/span><\/h3>\n<\/div>\n<\/div>\n<\/div>\n<\/div>\n<div class=\"elementor-element elementor-element-eb2b7e4 elementor-widget elementor-widget-heading\" data-id=\"eb2b7e4\" data-element_type=\"widget\" data-widget_type=\"heading.default\">\n<div class=\"elementor-widget-container\">\n<p class=\"elementor-heading-title elementor-size-default\">Oferecemos um pacote de armazenamento de inverno total que inclui tudo o que precisa para guardar o seu barco em seguran\u00e7a durante o inverno. Os pre\u00e7os incluem: <\/p>\n<ul class=\"list-style-2\">\n<li>Recolher o barco para o reboque<\/li>\n<li>Reboque para armazenamento Lavagem da carena com jato de \u00e1gua<\/li>\n<li>Limpeza e secagem para preparar para o armazenamento<\/li>\n<li>Motores preparados para armazenamento por um engenheiro certificado<\/li>\n<li>Armazenamento nas nossas instala\u00e7\u00f5es de armazenamento interior<\/li>\n<li>Motores preparados para servi\u00e7o pelo engenheiro<\/li>\n<li>Substitui\u00e7\u00e3o de \u00e2nodos (exceto pe\u00e7as)<\/li>\n<li>Limpeza profunda de pr\u00e9-\u00e9poca, polimento e cera<\/li>\n<li>Materiais de limpeza e consum\u00edveis<\/li>\n<li>Transporte e lan\u00e7amento para servi\u00e7o<\/li>\n<\/ul>\n<\/div>\n<\/div>\n<p>[\/vc_column_text][vc_row_inner][vc_column_inner width=&#8221;1\/2&#8243; offset=&#8221;vc_hidden-lg vc_hidden-md vc_hidden-sm vc_hidden-xs&#8221;][vc_btn title=&#8221;Pre\u00e7os dos Pacotes&#8221; css=&#8221;&#8221; el_class=&#8221;sp1btn&#8221; link=&#8221;url:%23|&#8221;][\/vc_column_inner][vc_column_inner width=&#8221;1\/2&#8243; offset=&#8221;vc_hidden-lg vc_hidden-md vc_hidden-sm vc_hidden-xs&#8221;][vc_btn title=&#8221;Pre\u00e7os Gerais&#8221; css=&#8221;&#8221; el_class=&#8221;sp1btn&#8221; link=&#8221;url:%23|&#8221;][\/vc_column_inner][\/vc_row_inner][\/vc_column][\/vc_row][vc_row full_width=&#8221;stretch_row&#8221; equal_height=&#8221;yes&#8221; content_placement=&#8221;middle&#8221; css=&#8221;.vc_custom_1718419703234{margin-top: 40px !important;margin-bottom: 70px !important;padding-top: 80px !important;padding-bottom: 80px !important;background-color: #fafafa !important;}&#8221; el_class=&#8221;AboutRow&#8221;][vc_column width=&#8221;1\/2&#8243; el_class=&#8221;stm-col-pad-right&#8221;][vc_column_text css=&#8221;&#8221;]<\/p>\n<h3><span style=\"color: #f10404;\">POR QUE DEVE GUARDAR O SEU BARCO?<\/span><\/h3>\n<p>&nbsp;<\/p>\n<p>\u00c9 simples \u2013 a melhor forma de proteger o seu investimento e manter o seu barco com bom aspeto durante muitos anos \u00e9 retir\u00e1-lo da dureza do ambiente marinho quando n\u00e3o est\u00e1 a ser utilizado. No inverno, no Algarve, a humidade est\u00e1 perto dos 100% nas alturas mais frias na costa e nas marinas, a \u00e1gua suspensa no ar cont\u00e9m os mesmos sais corrosivos que o mar. \u00c0 noite, as got\u00edculas condensam-se no interior do seu barco e causam danos consider\u00e1veis.[\/vc_column_text][\/vc_column][vc_column width=&#8221;1\/2&#8243; el_class=&#8221;stm-col-pad-left&#8221;][vc_single_image image=&#8221;5505&#8243; img_size=&#8221;large&#8221; css=&#8221;.vc_custom_1761224187484{margin-bottom: 0px !important;}&#8221; stm_fancybox=&#8221;yes&#8221;][\/vc_column][\/vc_row][vc_row full_width=&#8221;stretch_row&#8221; equal_height=&#8221;yes&#8221; content_placement=&#8221;middle&#8221; css=&#8221;.vc_custom_1718419703234{margin-top: 40px !important;margin-bottom: 70px !important;padding-top: 80px !important;padding-bottom: 80px !important;background-color: #fafafa !important;}&#8221; el_class=&#8221;AboutRow&#8221;][vc_column el_class=&#8221;stm-col-pad-right&#8221;][vc_column_text css=&#8221;&#8221;]<\/p>\n<div class=\"card\">\n<div class=\"card-header bg-dark text-white\">\n<h5 class=\"text-capitalize\">Pacotes de Armazenamento de Inverno 2024\/25<\/h5>\n<\/div>\n<table class=\"table border-bottom\">\n<tbody>\n<tr>\n<td class=\"blank_cell\" rowspan=\"2\"><\/td>\n<th class=\"text-center text-light bg-secondary\" colspan=\"3\">Per\u00edodo de Armazenamento<\/th>\n<\/tr>\n<tr class=\"bg-info text-light\">\n<th class=\"text-center\">4 Meses<\/th>\n<th class=\"text-center\">5 Meses<\/th>\n<th class=\"text-center\">6 Meses<\/th>\n<\/tr>\n<tr class=\"alt\">\n<th class=\"text-left\">Pequeno (C.T.F. &lt; 20&#8242;):<\/th>\n<td class=\"text-center\">1685\u20ac<\/td>\n<td class=\"text-center\">1835\u20ac<\/td>\n<td class=\"text-center\">1980\u20ac<\/td>\n<\/tr>\n<tr>\n<th class=\"text-left\">M\u00e9dio (20&#8242; &lt; C.T.F &lt; 23.9&#8242;):<\/th>\n<td class=\"text-center\">1865\u20ac<\/td>\n<td class=\"text-center\">2055\u20ac<\/td>\n<td class=\"text-center\">2240\u20ac<\/td>\n<\/tr>\n<tr class=\"alt\">\n<th class=\"text-left\">Grande (C.T.F &gt;= 24&#8242;):<\/th>\n<td class=\"text-center\">2050\u20ac<\/td>\n<td class=\"text-center\">2275\u20ac<\/td>\n<td class=\"text-center\">2495\u20ac<\/td>\n<\/tr>\n<tr>\n<th class=\"text-left\">Grande (C.T.F &gt;= 24&#8242;) &#8211; 2 Motores:<\/th>\n<td class=\"text-center\">2150\u20ac<\/td>\n<td class=\"text-center\">2375\u20ac<\/td>\n<td class=\"text-center\">2595\u20ac<\/td>\n<\/tr>\n<\/tbody>\n<\/table>\n<div class=\"card-body\">\n<p>Os seguintes itens n\u00e3o est\u00e3o inclu\u00eddos no pacote de armazenamento:<\/p>\n<ul class=\"list-style-2\">\n<li>IVA<\/li>\n<li>Fluidos (\u00d3leo, fluidos hidr\u00e1ulicos, etc.)<\/li>\n<li>Trabalho mec\u00e2nico ou de limpeza adicional fora do especificado \u00e0 esquerda<br \/>\nPe\u00e7as, \u00e2nodos<\/li>\n<\/ul>\n<\/div>\n<\/div>\n<p>[\/vc_column_text][vc_column_text css=&#8221;.vc_custom_1760964828484{margin-top: 20px !important;}&#8221;]<\/p>\n<div class=\"card mt-2\">\n<div class=\"card-header bg-dark text-white\">\n<h5>Pre\u00e7os Gerais de Armazenamento<\/h5>\n<\/div>\n<table class=\"table\">\n<tbody>\n<tr class=\"bg-secondary text-light\">\n<td>Comprimento do Barco<\/td>\n<td>por M\u00eas<\/td>\n<td>Anual<\/td>\n<\/tr>\n<tr>\n<th class=\"text-left\" style=\"text-align: left;\">Pequeno (C.T.F &lt; 20&#8242;)<\/th>\n<td>150\u20ac<\/td>\n<td>1500\u20ac<\/td>\n<\/tr>\n<tr class=\"alt\">\n<th style=\"text-align: left;\">M\u00e9dio (20&#8242; &lt; C.T.F &lt; 23.9&#8242;)<\/th>\n<td>185\u20ac<\/td>\n<td>1850\u20ac<\/td>\n<\/tr>\n<tr>\n<th class=\"text-left\" style=\"text-align: left;\">Grande (C.T.F. &gt; 24&#8242;)<\/th>\n<td>220\u20ac<\/td>\n<td>2200\u20ac<\/td>\n<\/tr>\n<tr class=\"bg-secondary text-light\">\n<th style=\"text-align: left;\" colspan=\"3\">Outros Servi\u00e7os<\/th>\n<\/tr>\n<tr>\n<td colspan=\"2\">Armazenamento de Reboque (M\u00eas) :<\/td>\n<td>50\u20ac<\/td>\n<\/tr>\n<tr class=\"alt\">\n<td colspan=\"2\">Recupera\u00e7\u00e3o\/Lan\u00e7amento + Transporte (Lagos) :<\/td>\n<td>110\u20ac<\/td>\n<\/tr>\n<\/tbody>\n<\/table>\n<\/div>\n<p>[\/vc_column_text][\/vc_column][\/vc_row][vc_row equal_height=&#8221;yes&#8221; content_placement=&#8221;middle&#8221; css=&#8221;.vc_custom_1718420078260{padding-top: 40px !important;padding-bottom: 40px !important;}&#8221; el_class=&#8221;AboutRow&#8221;][vc_column width=&#8221;1\/2&#8243; el_class=&#8221;stm-col-pad-right&#8221;][vc_single_image image=&#8221;4388&#8243; img_size=&#8221;full&#8221; css=&#8221;.vc_custom_1728392449518{margin-bottom: 0px !important;}&#8221; stm_fancybox=&#8221;yes&#8221;][\/vc_column][vc_column width=&#8221;1\/2&#8243; el_class=&#8221;stm-col-pad-left&#8221;][vc_column_text css=&#8221;&#8221;]<\/p>\n<h3><span style=\"color: #f10404;\">CUIDADOS E MANUTEN\u00c7\u00c3O<\/span><\/h3>\n<p>Enquanto o seu barco estiver nas instala\u00e7\u00f5es, pode mandar realizar toda uma gama de trabalhos de manuten\u00e7\u00e3o pelos nossos t\u00e9cnicos qualificados. No entanto, n\u00e3o tem permiss\u00e3o para trabalhar no barco voc\u00ea mesmo por motivos de seguro.[\/vc_column_text][\/vc_column][\/vc_row][vc_row full_width=&#8221;stretch_row_content_no_spaces&#8221; equal_height=&#8221;yes&#8221; content_placement=&#8221;top&#8221; css=&#8221;.vc_custom_1731801297930{margin-top: 0px !important;padding-top: 0px !important;padding-bottom: 10px !important;background-color: #eceff3 !important;}&#8221;][vc_column css=&#8221;.vc_custom_1731801169658{padding-top: 0px !important;padding-bottom: 0px !important;border-color: #000000 !important;}&#8221; offset=&#8221;vc_col-lg-offset-0 vc_col-lg-12 vc_col-md-offset-0 vc_col-sm-offset-0 vc_col-xs-12&#8243;][vc_single_image image=&#8221;4605&#8243; img_size=&#8221;full&#8221; alignment=&#8221;center&#8221; css=&#8221;&#8221;][\/vc_column][\/vc_row]<\/p>\n<\/div>","protected":false},"excerpt":{"rendered":"<p>[vc_row full_width=&#8221;stretch_row_content_no_spaces&#8221; content_placement=&#8221;bottom&#8221; video_bg=&#8221;yes&#8221; video_bg_url=&#8221;https:\/\/www.youtube.com\/watch?v=j4tU4S42&#8211;Y&#8221;][vc_column][stm_color_separator align=&#8221;text-right&#8221;][stm_color_separator align=&#8221;text-right&#8221;][vc_custom_heading text=&#8221;ARMAZENAMENTO INTERIOR&#8221; font_container=&#8221;tag:h2|text_align:center|color:%23ffffff&#8221; use_theme_fonts=&#8221;yes&#8221; css=&#8221;&#8221;][stm_color_separator align=&#8221;text-right&#8221;][stm_color_separator align=&#8221;text-right&#8221;][\/vc_column][\/vc_row][vc_row equal_height=&#8221;yes&#8221; content_placement=&#8221;middle&#8221; css=&#8221;.vc_custom_1718419169359{margin-top: 40px !important;margin-bottom: 70px !important;padding-top: 40px !important;padding-bottom: 40px !important;}&#8221; el_class=&#8221;AboutRow&#8221;][vc_column width=&#8221;1\/2&#8243; el_class=&#8221;stm-col-pad-right&#8221;][vc_single_image image=&#8221;2739&#8243; img_size=&#8221;large&#8221; css=&#8221;.vc_custom_1718427922699{margin-bottom: 0px !important;}&#8221; stm_fancybox=&#8221;yes&#8221;][vc_single_image image=&#8221;4387&#8243; img_size=&#8221;large&#8221; css=&#8221;.vc_custom_1728391574379{margin-bottom: 0px !important;padding-top: 10px !important;}&#8221; stm_fancybox=&#8221;yes&#8221;][\/vc_column][vc_column width=&#8221;1\/2&#8243; el_class=&#8221;stm-col-pad-left&#8221;][vc_column_text css=&#8221;&#8221;] PACOTES DE ARMAZENAMENTO Oferecemos um pacote de armazenamento de inverno&#8230;<\/p>\n","protected":false},"author":6,"featured_media":6206,"parent":0,"menu_order":0,"comment_status":"closed","ping_status":"closed","template":"","meta":{"footnotes":""},"class_list":["post-5690","page","type-page","status-publish","has-post-thumbnail","hentry"],"jetpack_sharing_enabled":true,"_links":{"self":[{"href":"https:\/\/www.algarveboatsales.com\/pt-pt\/wp-json\/wp\/v2\/pages\/5690","targetHints":{"allow":["GET"]}}],"collection":[{"href":"https:\/\/www.algarveboatsales.com\/pt-pt\/wp-json\/wp\/v2\/pages"}],"about":[{"href":"https:\/\/www.algarveboatsales.com\/pt-pt\/wp-json\/wp\/v2\/types\/page"}],"author":[{"embeddable":true,"href":"https:\/\/www.algarveboatsales.com\/pt-pt\/wp-json\/wp\/v2\/users\/6"}],"replies":[{"embeddable":true,"href":"https:\/\/www.algarveboatsales.com\/pt-pt\/wp-json\/wp\/v2\/comments?post=5690"}],"version-history":[{"count":2,"href":"https:\/\/www.algarveboatsales.com\/pt-pt\/wp-json\/wp\/v2\/pages\/5690\/revisions"}],"predecessor-version":[{"id":5692,"href":"https:\/\/www.algarveboatsales.com\/pt-pt\/wp-json\/wp\/v2\/pages\/5690\/revisions\/5692"}],"wp:featuredmedia":[{"embeddable":true,"href":"https:\/\/www.algarveboatsales.com\/pt-pt\/wp-json\/wp\/v2\/media\/6206"}],"wp:attachment":[{"href":"https:\/\/www.algarveboatsales.com\/pt-pt\/wp-json\/wp\/v2\/media?parent=5690"}],"curies":[{"name":"wp","href":"https:\/\/api.w.org\/{rel}","templated":true}]}}