{"id":5681,"date":"2015-11-05T06:03:59","date_gmt":"2015-11-05T06:03:59","guid":{"rendered":"https:\/\/www.algarveboatsales.com\/servicos\/"},"modified":"2026-01-12T17:31:12","modified_gmt":"2026-01-12T17:31:12","slug":"servicos","status":"publish","type":"page","link":"https:\/\/www.algarveboatsales.com\/pt-pt\/servicos\/","title":{"rendered":"Servi\u00e7os"},"content":{"rendered":"<div class=\"wpb-content-wrapper\"><p>[vc_row css=&#8221;.vc_custom_1446724724284{margin-top: 33px !important;margin-bottom: 42px !important;}&#8221;][vc_column width=&#8221;2\/3&#8243; css=&#8221;.vc_custom_1446724718390{margin-bottom: 42px !important;}&#8221;][vc_column_text css=&#8221;.vc_custom_1468817434161{margin-bottom: 24px !important;}&#8221;]<\/p>\n<h2>CENTRO DE ASSIST\u00caNCIA <span class=\"stm-base-color\">MOTORS<\/span><\/h2>\n<p>[\/vc_column_text][vc_column_text css=&#8221;.vc_custom_1446703825255{margin-bottom: 31px !important;padding-left: 2px !important;}&#8221;]Est\u00e1 pronto para dar \u00e0 sua embarca\u00e7\u00e3o a assist\u00eancia que ela necessita? Agende a manuten\u00e7\u00e3o ou repara\u00e7\u00e3o da sua embarca\u00e7\u00e3o aqui mesmo. A nossa equipa de assist\u00eancia de excel\u00eancia consegue tratar da sua embarca\u00e7\u00e3o ou cami\u00e3o de forma r\u00e1pida. Sabemos que n\u00e3o h\u00e1 nada mais frustrante do que ficar sem o seu ve\u00edculo enquanto este \u00e9 reparado. \u00c9 por isso que temos uma equipa que se destaca no fornecimento de manuten\u00e7\u00e3o e repara\u00e7\u00e3o de excel\u00eancia \u2013 e que consegue faz\u00ea-lo rapidamente.[\/vc_column_text][vc_custom_heading text=&#8221;OS NOSSOS SERVI\u00c7OS INCLUEM&#8221; font_container=&#8221;tag:h4|text_align:left&#8221; use_theme_fonts=&#8221;yes&#8221; css=&#8221;.vc_custom_1446703859040{margin-bottom: 20px !important;}&#8221;][vc_row_inner css=&#8221;.vc_custom_1446703897866{margin-bottom: 30px !important;}&#8221;][vc_column_inner width=&#8221;1\/2&#8243;][vc_column_text]<\/p>\n<ul class=\"list-style-1\">\n<li>Repara\u00e7\u00e3o Autom\u00f3vel Geral<\/li>\n<li>Manuten\u00e7\u00e3o preventiva de embarca\u00e7\u00f5es<\/li>\n<li>Servi\u00e7o de Ar Condicionado e Aquecimento<\/li>\n<li>Repara\u00e7\u00e3o do Sistema de Arrefecimento e Radiador<\/li>\n<li>Substitui\u00e7\u00e3o de \u00d3leo de Motor Sint\u00e9tico<\/li>\n<\/ul>\n<p>[\/vc_column_text][\/vc_column_inner][vc_column_inner width=&#8221;1\/2&#8243;][vc_column_text]<\/p>\n<ul class=\"list-style-1\">\n<li>Substitui\u00e7\u00e3o do Filtro de \u00d3leo<\/li>\n<li>Repara\u00e7\u00e3o de Trav\u00f5es<\/li>\n<li>Diagn\u00f3stico do Motor<\/li>\n<li>Correias, Tubos Flex\u00edveis, Fluidos<\/li>\n<li>Servi\u00e7os de Transmiss\u00e3o<\/li>\n<\/ul>\n<p>[\/vc_column_text][\/vc_column_inner][\/vc_row_inner][vc_column_text css=&#8221;.vc_custom_1446703904260{padding-left: 2px !important;}&#8221;]<span style=\"color: #888888; font-size: 13px;\">Poupe tempo agendando o servi\u00e7o aqui mesmo. Depois de enviar o formul\u00e1rio, entraremos em contacto para confirmar a sua marca\u00e7\u00e3o de servi\u00e7o. N\u00e3o podia ser mais f\u00e1cil.<\/span>[\/vc_column_text][\/vc_column][vc_column width=&#8221;1\/3&#8243; css=&#8221;.vc_custom_1446703675847{margin-top: 13px !important;}&#8221;][vc_single_image image=&#8221;2089&#8243; img_size=&#8221;350&#215;205&#8243; stm_fancybox=&#8221;yes&#8221; css=&#8221;.vc_custom_1468840750995{margin-bottom: 25px !important;}&#8221;][vc_single_image image=&#8221;2089&#8243; img_size=&#8221;350&#215;205&#8243; stm_fancybox=&#8221;yes&#8221;][\/vc_column][\/vc_row][vc_row stm_fullwidth=&#8221;yes&#8221; blackout_opacity=&#8221;80&#8243; css=&#8221;.vc_custom_1468818021408{margin-bottom: 75px !important;padding-top: 39px !important;padding-bottom: 68px !important;background-image: url(http:\/\/www.algarveboatsales.com\/wp-content\/uploads\/2015\/12\/placeholder.gif?id=2067) !important;}&#8221;][vc_column width=&#8221;1\/3&#8243;][stm_icon_box title_holder=&#8221;h4&#8243; icon=&#8221;stm-icon-oil-add&#8221; title=&#8221;MUDAN\u00c7AS DE \u00d3LEO&#8221; box_text_color=&#8221;#ffffff&#8221; box_bg_color=&#8221;rgba(255,255,255,0.01)&#8221; icon_size=&#8221;20&#8243; css=&#8221;.vc_custom_1449203747555{padding-right: 0px !important;padding-bottom: 0px !important;padding-left: 0px !important;}&#8221; css_icon=&#8221;.vc_custom_1449203747553{margin-top: 1px !important;margin-right: 21px !important;padding-top: 18px !important;padding-right: 4px !important;padding-bottom: 15px !important;padding-left: 6px !important;}&#8221; icon_bg_color=&#8221;#f2b930&#8243; box_text_color_hover=&#8221;#ffffff&#8221; icon_color=&#8221;#ffffff&#8221;]<span style=\"color: #aaaaaa;\">Lorem ipsum dolor sit amet, adipiscing elit. Interdum et malesuada fames ac ante ipsum primis in faucibus. <\/span>[\/stm_icon_box][stm_icon_box title_holder=&#8221;h4&#8243; icon=&#8221;stm-icon-brake&#8221; title=&#8221;SERVI\u00c7O DE TRAV\u00d5ES&#8221; box_text_color=&#8221;#ffffff&#8221; box_bg_color=&#8221;rgba(255,255,255,0.01)&#8221; icon_size=&#8221;36&#8243; css=&#8221;.vc_custom_1449203394183{padding-right: 0px !important;padding-bottom: 0px !important;padding-left: 0px !important;}&#8221; css_icon=&#8221;.vc_custom_1449203394182{margin-top: 1px !important;margin-right: 21px !important;padding-top: 10px !important;padding-right: 10px !important;padding-bottom: 10px !important;padding-left: 11px !important;}&#8221; icon_bg_color=&#8221;#ef2929&#8243; box_text_color_hover=&#8221;#ffffff&#8221; icon_color=&#8221;#ffffff&#8221;]<span style=\"color: #aaaaaa;\">Lorem ipsum dolor sit amet, adipiscing elit. Interdum et malesuada fames ac ante ipsum primis in faucibus. <\/span>[\/stm_icon_box][\/vc_column][vc_column width=&#8221;1\/3&#8243;][stm_icon_box title_holder=&#8221;h4&#8243; icon=&#8221;stm-icon-air_conditioning&#8221; title=&#8221;AR CONDICIONADO&#8221; box_text_color=&#8221;#ffffff&#8221; box_bg_color=&#8221;rgba(255,255,255,0.01)&#8221; icon_size=&#8221;36&#8243; css=&#8221;.vc_custom_1449203379782{padding-right: 0px !important;padding-bottom: 0px !important;padding-left: 0px !important;}&#8221; css_icon=&#8221;.vc_custom_1449203379781{margin-top: 1px !important;margin-right: 21px !important;padding-top: 10px !important;padding-right: 12px !important;padding-bottom: 10px !important;padding-left: 12px !important;}&#8221; icon_bg_color=&#8221;#6c98e1&#8243; box_text_color_hover=&#8221;#ffffff&#8221; icon_color=&#8221;#ffffff&#8221;]<span style=\"color: #aaaaaa;\">Lorem ipsum dolor sit amet, adipiscing elit. Interdum et malesuada fames ac ante ipsum primis in faucibus. <\/span>[\/stm_icon_box][stm_icon_box title_holder=&#8221;h4&#8243; icon=&#8221;stm-icon-transmission&#8221; title=&#8221;TRANSMISS\u00c3O&#8221; box_text_color=&#8221;#ffffff&#8221; box_bg_color=&#8221;rgba(255,255,255,0.01)&#8221; icon_size=&#8221;36&#8243; css=&#8221;.vc_custom_1449203401435{padding-right: 0px !important;padding-bottom: 0px !important;padding-left: 0px !important;}&#8221; css_icon=&#8221;.vc_custom_1449203401434{margin-top: 1px !important;margin-right: 21px !important;padding-top: 10px !important;padding-right: 9px !important;padding-bottom: 10px !important;padding-left: 11px !important;}&#8221; icon_bg_color=&#8221;#44a8b4&#8243; box_text_color_hover=&#8221;#ffffff&#8221; icon_color=&#8221;#ffffff&#8221;]<span style=\"color: #aaaaaa;\">Lorem ipsum dolor sit amet, adipiscing elit. Interdum et malesuada fames ac ante ipsum primis in faucibus. <\/span>[\/stm_icon_box][\/vc_column][vc_column width=&#8221;1\/3&#8243;][stm_icon_box title_holder=&#8221;h4&#8243; icon=&#8221;stm-icon-auto_electric&#8221; title=&#8221;AUTO EL\u00c9TRICO&#8221; box_text_color=&#8221;#ffffff&#8221; box_bg_color=&#8221;rgba(255,255,255,0.01)&#8221; icon_size=&#8221;37&#8243; css=&#8221;.vc_custom_1449203386483{padding-right: 0px !important;padding-bottom: 0px !important;padding-left: 0px !important;}&#8221; css_icon=&#8221;.vc_custom_1449203386482{margin-top: 1px !important;margin-right: 21px !important;padding-top: 7px !important;padding-right: 12px !important;padding-bottom: 13px !important;padding-left: 12px !important;}&#8221; icon_bg_color=&#8221;#d93ad0&#8243; box_text_color_hover=&#8221;#ffffff&#8221; icon_color=&#8221;#ffffff&#8221;]<span style=\"color: #aaaaaa;\">Lorem ipsum dolor sit amet, adipiscing elit. Interdum et malesuada fames ac ante ipsum primis in faucibus. <\/span>[\/stm_icon_box][stm_icon_box title_holder=&#8221;h4&#8243; icon=&#8221;stm-icon-Tire_Wheel&#8221; title=&#8221;SERVI\u00c7O DE PNEUS E RODAS&#8221; box_text_color=&#8221;#ffffff&#8221; box_bg_color=&#8221;rgba(255,255,255,0.01)&#8221; icon_size=&#8221;34&#8243; css=&#8221;.vc_custom_1449203411563{padding-right: 0px !important;padding-bottom: 0px !important;padding-left: 0px !important;}&#8221; css_icon=&#8221;.vc_custom_1449203411562{margin-top: 1px !important;margin-right: 21px !important;padding-top: 11px !important;padding-right: 6px !important;padding-bottom: 11px !important;padding-left: 7px !important;}&#8221; icon_bg_color=&#8221;#17c655&#8243; box_text_color_hover=&#8221;#ffffff&#8221; icon_color=&#8221;#ffffff&#8221;]<span style=\"color: #aaaaaa;\">Lorem ipsum dolor sit amet, adipiscing elit. Interdum et malesuada fames ac ante ipsum primis in faucibus. <\/span>[\/stm_icon_box][\/vc_column][\/vc_row][vc_row css=&#8221;.vc_custom_1446724488622{margin-bottom: 28px !important;}&#8221;][vc_column width=&#8221;2\/3&#8243; css=&#8221;.vc_custom_1446723952022{margin-bottom: 45px !important;}&#8221;][vc_custom_heading text=&#8221;AGENDAR SERVI\u00c7O&#8221; font_container=&#8221;tag:h3|text_align:left&#8221; use_theme_fonts=&#8221;yes&#8221;][vc_separator css=&#8221;.vc_custom_1446719521258{margin-top: 24px !important;margin-bottom: 24px !important;}&#8221;][contact-form-7 id=&#8221;587&#8243; title=&#8221;Schedule service&#8221;][\/vc_column][vc_column width=&#8221;1\/3&#8243;][stm_working_days title=&#8221;HOR\u00c1RIO DE FUNCIONAMENTO&#8221; monday=&#8221;9:00 &#8211; 21:00&#8243; tuesday=&#8221;9:00 &#8211; 21:00&#8243; wednesday=&#8221;9:00 &#8211; 21:00&#8243; thursday=&#8221;9:00 &#8211; 21:00&#8243; friday=&#8221;9:00 &#8211; 19:00&#8243; saturday=&#8221;9:00 &#8211; 19:00&#8243; css=&#8221;.vc_custom_1446722369656{margin-top: 6px !important;}&#8221;][\/vc_column][\/vc_row][vc_row css=&#8221;.vc_custom_1446724426854{margin-bottom: 0px !important;}&#8221;][vc_column][stm_call_to_action_2 call_to_action_icon=&#8221;stm-icon-question&#8221; call_to_action_icon_right=&#8221;stm-icon-phone2&#8243; call_to_action_text_color=&#8221;#ffffff&#8221; call_to_action_label=&#8221;Tem alguma quest\u00e3o? Ligue hoje mesmo!&#8221; call_to_action_label_right=&#8221;878-9674-4455&#8243;][\/vc_column][\/vc_row]<\/p>\n<\/div>","protected":false},"excerpt":{"rendered":"<p>[vc_row css=&#8221;.vc_custom_1446724724284{margin-top: 33px !important;margin-bottom: 42px !important;}&#8221;][vc_column width=&#8221;2\/3&#8243; css=&#8221;.vc_custom_1446724718390{margin-bottom: 42px !important;}&#8221;][vc_column_text css=&#8221;.vc_custom_1468817434161{margin-bottom: 24px !important;}&#8221;] CENTRO DE ASSIST\u00caNCIA MOTORS [\/vc_column_text][vc_column_text css=&#8221;.vc_custom_1446703825255{margin-bottom: 31px !important;padding-left: 2px !important;}&#8221;]Est\u00e1 pronto para dar \u00e0 sua embarca\u00e7\u00e3o a assist\u00eancia que ela necessita? Agende a manuten\u00e7\u00e3o ou repara\u00e7\u00e3o da sua embarca\u00e7\u00e3o aqui mesmo. A nossa equipa de assist\u00eancia de excel\u00eancia consegue tratar da sua&#8230;<\/p>\n","protected":false},"author":6,"featured_media":6159,"parent":0,"menu_order":0,"comment_status":"closed","ping_status":"closed","template":"","meta":{"footnotes":""},"class_list":["post-5681","page","type-page","status-publish","has-post-thumbnail","hentry"],"jetpack_sharing_enabled":true,"_links":{"self":[{"href":"https:\/\/www.algarveboatsales.com\/pt-pt\/wp-json\/wp\/v2\/pages\/5681","targetHints":{"allow":["GET"]}}],"collection":[{"href":"https:\/\/www.algarveboatsales.com\/pt-pt\/wp-json\/wp\/v2\/pages"}],"about":[{"href":"https:\/\/www.algarveboatsales.com\/pt-pt\/wp-json\/wp\/v2\/types\/page"}],"author":[{"embeddable":true,"href":"https:\/\/www.algarveboatsales.com\/pt-pt\/wp-json\/wp\/v2\/users\/6"}],"replies":[{"embeddable":true,"href":"https:\/\/www.algarveboatsales.com\/pt-pt\/wp-json\/wp\/v2\/comments?post=5681"}],"version-history":[{"count":2,"href":"https:\/\/www.algarveboatsales.com\/pt-pt\/wp-json\/wp\/v2\/pages\/5681\/revisions"}],"predecessor-version":[{"id":5683,"href":"https:\/\/www.algarveboatsales.com\/pt-pt\/wp-json\/wp\/v2\/pages\/5681\/revisions\/5683"}],"wp:featuredmedia":[{"embeddable":true,"href":"https:\/\/www.algarveboatsales.com\/pt-pt\/wp-json\/wp\/v2\/media\/6159"}],"wp:attachment":[{"href":"https:\/\/www.algarveboatsales.com\/pt-pt\/wp-json\/wp\/v2\/media?parent=5681"}],"curies":[{"name":"wp","href":"https:\/\/api.w.org\/{rel}","templated":true}]}}