{"id":5679,"date":"2024-06-11T12:05:09","date_gmt":"2024-06-11T12:05:09","guid":{"rendered":"https:\/\/www.algarveboatsales.com\/spx-rib\/"},"modified":"2026-01-12T17:31:12","modified_gmt":"2026-01-12T17:31:12","slug":"spx-rib","status":"publish","type":"page","link":"https:\/\/www.algarveboatsales.com\/pt-pt\/spx-rib\/","title":{"rendered":"SPX RIB"},"content":{"rendered":"<div class=\"wpb-content-wrapper\"><p>[vc_row full_width=&#8221;stretch_row_content_no_spaces&#8221; content_placement=&#8221;middle&#8221; css=&#8221;.vc_custom_1719036969702{padding-top: 140px !important;padding-bottom: 140px !important;background-image: url(http:\/\/www.algarveboatsales.com\/wp-content\/uploads\/2024\/06\/SPX_main_hero-1-scaled.jpg?id=3511) !important;background-position: center !important;background-repeat: no-repeat !important;background-size: cover !important;}&#8221; el_id=&#8221;oferta&#8221;][vc_column][vc_custom_heading source=&#8221;post_title&#8221; font_container=&#8221;tag:h2|text_align:center|color:%23ffffff&#8221; use_theme_fonts=&#8221;yes&#8221; css=&#8221;&#8221;][stm_color_separator css=&#8221;.vc_custom_1445510911464{margin-top: 17px !important;margin-bottom: 25px !important;}&#8221;][\/vc_column][\/vc_row][vc_row full_width=&#8221;stretch_row&#8221; content_placement=&#8221;middle&#8221; css=&#8221;.vc_custom_1718418463391{padding-top: 80px !important;padding-bottom: 80px !important;background-color: #fafafa !important;}&#8221;][vc_column][vc_column_text css=&#8221;&#8221;]<\/p>\n<div class=\"elementor-element elementor-element-2ad4e9e elementor-widget elementor-widget-heading\" data-id=\"2ad4e9e\" data-element_type=\"widget\" data-widget_type=\"heading.default\">\n<div class=\"elementor-widget-container\">\n<h3 class=\"elementor-heading-title elementor-size-default\" style=\"text-align: center;\"><span style=\"color: #f10404;\">APRESENTAMOS A SPX RIB<\/span><\/h3>\n<\/div>\n<\/div>\n<div class=\"elementor-element elementor-element-3f987a1 elementor-widget-tablet__width-initial elementor-widget elementor-widget-text-editor\" data-id=\"3f987a1\" data-element_type=\"widget\" data-widget_type=\"text-editor.default\">\n<div class=\"elementor-widget-container\" style=\"text-align: center;\">O Algarve Boat Group tem o prazer de dar as boas-vindas \u00e0 SPX RIB em Portugal. A SPX RIB \u00e9 uma marca da Sic\u00edlia, It\u00e1lia, que redesenhou o espa\u00e7o no conv\u00e9s de insufl\u00e1veis r\u00edgidos para transformar o aspeto mais utilit\u00e1rio num barco com um visual chique italiano e repleto de funcionalidades. A SPX Rib j\u00e1 obteve grande sucesso nos seus primeiros cinco anos, causando impacto imediato na sua estreia em Miami e atraindo propriet\u00e1rios de todo o mundo para a nova fam\u00edlia SPX. Esperamos receber muitos mais propriet\u00e1rios satisfeitos da SPX aqui em Portugal.   <\/div>\n<\/div>\n<p>[\/vc_column_text][\/vc_column][\/vc_row][vc_row equal_height=&#8221;yes&#8221; content_placement=&#8221;middle&#8221; css=&#8221;.vc_custom_1718419169359{margin-top: 40px !important;margin-bottom: 70px !important;padding-top: 40px !important;padding-bottom: 40px !important;}&#8221; el_class=&#8221;AboutRow&#8221;][vc_column width=&#8221;1\/2&#8243; el_class=&#8221;stm-col-pad-right&#8221;][vc_single_image image=&#8221;2986&#8243; img_size=&#8221;large&#8221; css=&#8221;.vc_custom_1718418702329{margin-bottom: 0px !important;}&#8221; stm_fancybox=&#8221;yes&#8221;][\/vc_column][vc_column width=&#8221;1\/2&#8243; el_class=&#8221;stm-col-pad-left&#8221;][vc_column_text css=&#8221;&#8221;]<\/p>\n<div class=\"elementor-element elementor-element-3c8e1ca elementor-widget elementor-widget-heading\" data-id=\"3c8e1ca\" data-element_type=\"widget\" data-widget_type=\"heading.default\">\n<div class=\"elementor-widget-container\">\n<h3 class=\"elementor-heading-title elementor-size-default\"><span style=\"color: #f10404;\">SPX 24<\/span><\/h3>\n<\/div>\n<\/div>\n<div class=\"elementor-element elementor-element-c1e738b elementor-widget elementor-widget-text-editor\" data-id=\"c1e738b\" data-element_type=\"widget\" data-widget_type=\"text-editor.default\">\n<div class=\"elementor-widget-container\">O casco de alto desempenho de 7,5 m combina um design inovador para criar um espa\u00e7o de conv\u00e9s incr\u00edvel.<\/div>\n<\/div>\n<div class=\"elementor-element elementor-element-eb2b7e4 elementor-widget elementor-widget-heading\" data-id=\"eb2b7e4\" data-element_type=\"widget\" data-widget_type=\"heading.default\">\n<div class=\"elementor-widget-container\">\n<h5 class=\"elementor-heading-title elementor-size-default\">PVP A PARTIR DE 82.950 \u20ac COM IVA INCLU\u00cdDO<\/h5>\n<\/div>\n<\/div>\n<p>[\/vc_column_text][stm_icon_button link=&#8221;url:%2Fspx-24%2F|title:Find%20out%20More&#8221; box_bg_color=&#8221;#f10404&#8243; css=&#8221;.vc_custom_1719032896158{margin-top: 25px !important;}&#8221;][\/vc_column][\/vc_row][vc_row full_width=&#8221;stretch_row&#8221; equal_height=&#8221;yes&#8221; content_placement=&#8221;middle&#8221; css=&#8221;.vc_custom_1718419703234{margin-top: 40px !important;margin-bottom: 70px !important;padding-top: 80px !important;padding-bottom: 80px !important;background-color: #fafafa !important;}&#8221; el_class=&#8221;AboutRow&#8221;][vc_column width=&#8221;1\/2&#8243; el_class=&#8221;stm-col-pad-right&#8221;][vc_column_text css=&#8221;&#8221;]<\/p>\n<div class=\"elementor-element elementor-element-3c8e1ca elementor-widget elementor-widget-heading\" data-id=\"3c8e1ca\" data-element_type=\"widget\" data-widget_type=\"heading.default\">\n<div class=\"elementor-widget-container\">\n<h3 class=\"elementor-heading-title elementor-size-default\"><span style=\"color: #f10404;\">SPX 32<\/span><\/h3>\n<\/div>\n<\/div>\n<div class=\"elementor-element elementor-element-c1e738b elementor-widget elementor-widget-text-editor\" data-id=\"c1e738b\" data-element_type=\"widget\" data-widget_type=\"text-editor.default\">\n<div class=\"elementor-widget-container\">\n<div class=\"elementor-element elementor-element-6e7b709 elementor-widget elementor-widget-text-editor\" data-id=\"6e7b709\" data-element_type=\"widget\" data-widget_type=\"text-editor.default\">\n<div class=\"elementor-widget-container\">A embarca\u00e7\u00e3o de pernoita de desempenho extremo com um visual apelativo.<\/div>\n<div><\/div>\n<\/div>\n<\/div>\n<\/div>\n<div class=\"elementor-element elementor-element-eb2b7e4 elementor-widget elementor-widget-heading\" data-id=\"eb2b7e4\" data-element_type=\"widget\" data-widget_type=\"heading.default\">\n<div class=\"elementor-widget-container\">\n<div class=\"elementor-element elementor-element-6bf4868 elementor-widget elementor-widget-heading\" data-id=\"6bf4868\" data-element_type=\"widget\" data-widget_type=\"heading.default\">\n<div class=\"elementor-widget-container\">\n<h5 class=\"elementor-heading-title elementor-size-default\">PVP A PARTIR DE 198.950 \u20ac COM IVA INCLU\u00cdDO<\/h5>\n<\/div>\n<\/div>\n<\/div>\n<\/div>\n<p>[\/vc_column_text][stm_icon_button link=&#8221;url:%2Fspx-32%2F|title:Find%20out%20More&#8221; box_bg_color=&#8221;#f10404&#8243; css=&#8221;.vc_custom_1719032978174{margin-top: 25px !important;}&#8221;][\/vc_column][vc_column width=&#8221;1\/2&#8243; el_class=&#8221;stm-col-pad-left&#8221;][vc_single_image image=&#8221;2987&#8243; img_size=&#8221;large&#8221; css=&#8221;.vc_custom_1718419522250{margin-bottom: 0px !important;}&#8221; stm_fancybox=&#8221;yes&#8221;][\/vc_column][\/vc_row][vc_row equal_height=&#8221;yes&#8221; content_placement=&#8221;middle&#8221; css=&#8221;.vc_custom_1718420078260{padding-top: 40px !important;padding-bottom: 40px !important;}&#8221; el_class=&#8221;AboutRow&#8221;][vc_column width=&#8221;1\/2&#8243; el_class=&#8221;stm-col-pad-right&#8221;][vc_single_image image=&#8221;2988&#8243; img_size=&#8221;large&#8221; css=&#8221;.vc_custom_1718419814884{margin-bottom: 0px !important;}&#8221; stm_fancybox=&#8221;yes&#8221;][\/vc_column][vc_column width=&#8221;1\/2&#8243; el_class=&#8221;stm-col-pad-left&#8221;][vc_column_text css=&#8221;&#8221;]<\/p>\n<div class=\"elementor-element elementor-element-3c8e1ca elementor-widget elementor-widget-heading\" data-id=\"3c8e1ca\" data-element_type=\"widget\" data-widget_type=\"heading.default\">\n<div class=\"elementor-widget-container\">\n<h3 class=\"elementor-heading-title elementor-size-default\"><span style=\"color: #f10404;\">SPX 38<\/span><\/h3>\n<\/div>\n<\/div>\n<div class=\"elementor-element elementor-element-c1e738b elementor-widget elementor-widget-text-editor\" data-id=\"c1e738b\" data-element_type=\"widget\" data-widget_type=\"text-editor.default\">\n<div class=\"elementor-widget-container\">\n<div class=\"elementor-element elementor-element-dcc009f elementor-widget elementor-widget-text-editor\" data-id=\"dcc009f\" data-element_type=\"widget\" data-widget_type=\"text-editor.default\">\n<div class=\"elementor-widget-container\">\n<div class=\"\">A potente embarca\u00e7\u00e3o de cabine para quem quer tudo \u2013 visual, desempenho, praticidade.<\/div>\n<\/div>\n<\/div>\n<div class=\"elementor-element elementor-element-3e74c92 elementor-widget elementor-widget-heading\" data-id=\"3e74c92\" data-element_type=\"widget\" data-widget_type=\"heading.default\">\n<div class=\"elementor-widget-container\">\n<h5 class=\"elementor-heading-title elementor-size-default\">PVP A PARTIR DE 295.000 \u20ac COM IVA INCLU\u00cdDO<\/h5>\n<\/div>\n<\/div>\n<\/div>\n<\/div>\n<p>[\/vc_column_text][stm_icon_button link=&#8221;url:%2Fspx-38%2F|title:Find%20out%20More&#8221; box_bg_color=&#8221;#f10404&#8243; css=&#8221;.vc_custom_1719033002558{margin-top: 25px !important;}&#8221;][\/vc_column][\/vc_row][vc_row full_width=&#8221;stretch_row&#8221; equal_height=&#8221;yes&#8221; content_placement=&#8221;middle&#8221; css=&#8221;.vc_custom_1718419703234{margin-top: 40px !important;margin-bottom: 70px !important;padding-top: 80px !important;padding-bottom: 80px !important;background-color: #fafafa !important;}&#8221; el_class=&#8221;AboutRow&#8221;][vc_column width=&#8221;1\/2&#8243; el_class=&#8221;stm-col-pad-right&#8221;][vc_column_text css=&#8221;&#8221;]<\/p>\n<div class=\"elementor-element elementor-element-1353267 e-flex e-con-boxed e-con e-parent e-lazyloaded\" data-id=\"1353267\" data-element_type=\"container\" data-settings=\"{\"background_background\":\"classic\"}\">\n<div class=\"e-con-inner\">\n<div class=\"elementor-element elementor-element-fee59d6 e-con-full e-flex e-con e-child\" data-id=\"fee59d6\" data-element_type=\"container\">\n<div class=\"elementor-element elementor-element-645cadf elementor-widget elementor-widget-text-editor\" data-id=\"645cadf\" data-element_type=\"widget\" data-widget_type=\"text-editor.default\">\n<div class=\"elementor-widget-container\">Logo ao primeiro olhar para uma SPX Rib, percebe-se que \u00e9 algo diferente. As formas do casco em V ultraprofundas gritam desempenho, as linhas limpas gritam modernidade e o layout grita conforto e luxo. <\/div>\n<\/div>\n<\/div>\n<\/div>\n<\/div>\n<div class=\"elementor-element elementor-element-111ab2a e-flex e-con-boxed e-con e-parent e-lazyloaded\" data-id=\"111ab2a\" data-element_type=\"container\" data-settings=\"{\"background_background\":\"classic\"}\">\n<div class=\"e-con-inner\">\n<div class=\"elementor-element elementor-element-8fe1180 e-con-full e-flex e-con e-child\" data-id=\"8fe1180\" data-element_type=\"container\">\n<div class=\"elementor-element elementor-element-d9f27c8 elementor-widget elementor-widget-image\" data-id=\"d9f27c8\" data-element_type=\"widget\" data-widget_type=\"image.default\"><\/div>\n<\/div>\n<\/div>\n<\/div>\n<p>[\/vc_column_text][\/vc_column][vc_column width=&#8221;1\/2&#8243; el_class=&#8221;stm-col-pad-left&#8221;][vc_single_image image=&#8221;2992&#8243; img_size=&#8221;large&#8221; css=&#8221;.vc_custom_1718419963954{margin-bottom: 0px !important;}&#8221; stm_fancybox=&#8221;yes&#8221;][\/vc_column][\/vc_row][vc_row equal_height=&#8221;yes&#8221; content_placement=&#8221;middle&#8221; css=&#8221;.vc_custom_1718420692007{padding-top: 20px !important;padding-bottom: 80px !important;}&#8221; el_class=&#8221;AboutRow&#8221;][vc_column width=&#8221;1\/2&#8243; el_class=&#8221;stm-col-pad-right&#8221;][vc_single_image image=&#8221;2993&#8243; img_size=&#8221;large&#8221; css=&#8221;.vc_custom_1718420565278{margin-bottom: 0px !important;}&#8221; stm_fancybox=&#8221;yes&#8221; el_class=&#8221;spx&#8221;][\/vc_column][vc_column width=&#8221;1\/2&#8243; el_class=&#8221;stm-col-pad-left&#8221;][vc_column_text css=&#8221;&#8221;]<\/p>\n<div class=\"elementor-element elementor-element-3c8e1ca elementor-widget elementor-widget-heading\" data-id=\"3c8e1ca\" data-element_type=\"widget\" data-widget_type=\"heading.default\">\n<div class=\"elementor-widget-container\">\n<div id=\"wrapper\">\n<div id=\"main\">\n<div class=\"elementor elementor-450\" data-elementor-type=\"wp-page\" data-elementor-id=\"450\" data-elementor-post-type=\"page\">\n<div class=\"elementor-element elementor-element-111ab2a e-flex e-con-boxed e-con e-parent e-lazyloaded\" data-id=\"111ab2a\" data-element_type=\"container\" data-settings=\"{\"background_background\":\"classic\"}\">\n<div class=\"e-con-inner\">\n<div class=\"elementor-element elementor-element-049acaa e-con-full e-flex e-con e-child\" data-id=\"049acaa\" data-element_type=\"container\">\n<div class=\"elementor-element elementor-element-c6c1ba3 elementor-widget elementor-widget-text-editor\" data-id=\"c6c1ba3\" data-element_type=\"widget\" data-widget_type=\"text-editor.default\">\n<div class=\"elementor-widget-container\">Os designers da gama SPX analisaram todos os aspetos do conv\u00e9s e da cabine de cada barco e maximizaram o seu potencial. Com sol\u00e1rios, assentos \u00fateis, arruma\u00e7\u00e3o e funcionalidades de conforto em todos os lugares, este \u00e9 um barco que combina luxo com simplicidade. <\/div>\n<\/div>\n<\/div>\n<\/div>\n<\/div>\n<\/div>\n<\/div>\n<\/div>\n<\/div>\n<\/div>\n<p>[\/vc_column_text][\/vc_column][\/vc_row]<\/p>\n<\/div>","protected":false},"excerpt":{"rendered":"<p>[vc_row full_width=&#8221;stretch_row_content_no_spaces&#8221; content_placement=&#8221;middle&#8221; css=&#8221;.vc_custom_1719036969702{padding-top: 140px !important;padding-bottom: 140px !important;background-image: url(http:\/\/www.algarveboatsales.com\/wp-content\/uploads\/2024\/06\/SPX_main_hero-1-scaled.jpg?id=3511) !important;background-position: center !important;background-repeat: no-repeat !important;background-size: cover !important;}&#8221; el_id=&#8221;oferta&#8221;][vc_column][vc_custom_heading source=&#8221;post_title&#8221; font_container=&#8221;tag:h2|text_align:center|color:%23ffffff&#8221; use_theme_fonts=&#8221;yes&#8221; css=&#8221;&#8221;][stm_color_separator css=&#8221;.vc_custom_1445510911464{margin-top: 17px !important;margin-bottom: 25px !important;}&#8221;][\/vc_column][\/vc_row][vc_row full_width=&#8221;stretch_row&#8221; content_placement=&#8221;middle&#8221; css=&#8221;.vc_custom_1718418463391{padding-top: 80px !important;padding-bottom: 80px !important;background-color: #fafafa !important;}&#8221;][vc_column][vc_column_text css=&#8221;&#8221;] APRESENTAMOS A SPX RIB O Algarve Boat Group tem o prazer de dar as boas-vindas \u00e0 SPX RIB em&#8230;<\/p>\n","protected":false},"author":6,"featured_media":0,"parent":0,"menu_order":0,"comment_status":"closed","ping_status":"closed","template":"","meta":{"footnotes":""},"class_list":["post-5679","page","type-page","status-publish","hentry"],"jetpack_sharing_enabled":true,"_links":{"self":[{"href":"https:\/\/www.algarveboatsales.com\/pt-pt\/wp-json\/wp\/v2\/pages\/5679","targetHints":{"allow":["GET"]}}],"collection":[{"href":"https:\/\/www.algarveboatsales.com\/pt-pt\/wp-json\/wp\/v2\/pages"}],"about":[{"href":"https:\/\/www.algarveboatsales.com\/pt-pt\/wp-json\/wp\/v2\/types\/page"}],"author":[{"embeddable":true,"href":"https:\/\/www.algarveboatsales.com\/pt-pt\/wp-json\/wp\/v2\/users\/6"}],"replies":[{"embeddable":true,"href":"https:\/\/www.algarveboatsales.com\/pt-pt\/wp-json\/wp\/v2\/comments?post=5679"}],"version-history":[{"count":1,"href":"https:\/\/www.algarveboatsales.com\/pt-pt\/wp-json\/wp\/v2\/pages\/5679\/revisions"}],"predecessor-version":[{"id":5680,"href":"https:\/\/www.algarveboatsales.com\/pt-pt\/wp-json\/wp\/v2\/pages\/5679\/revisions\/5680"}],"wp:attachment":[{"href":"https:\/\/www.algarveboatsales.com\/pt-pt\/wp-json\/wp\/v2\/media?parent=5679"}],"curies":[{"name":"wp","href":"https:\/\/api.w.org\/{rel}","templated":true}]}}