{"id":5673,"date":"2015-11-18T05:22:15","date_gmt":"2015-11-18T05:22:15","guid":{"rendered":"https:\/\/www.algarveboatsales.com\/contacto\/"},"modified":"2026-01-12T17:31:05","modified_gmt":"2026-01-12T17:31:05","slug":"contacto","status":"publish","type":"page","link":"https:\/\/www.algarveboatsales.com\/pt-pt\/contacto\/","title":{"rendered":"Contacto"},"content":{"rendered":"<div class=\"wpb-content-wrapper\"><p>[vc_row full_width=&#8221;stretch_row_content_no_spaces&#8221; content_placement=&#8221;middle&#8221; css=&#8221;.vc_custom_1720440151890{margin-top: -95px !important;padding-top: 245px !important;padding-bottom: 245px !important;background-image: url(http:\/\/www.algarveboatsales.com\/wp-content\/uploads\/2024\/07\/spx_38_general-1.jpg?id=3984) !important;background-position: center !important;background-repeat: no-repeat !important;background-size: cover !important;}&#8221; el_class=&#8221;stm-fullwidth-with-parallax-&#8221; el_id=&#8221;oferta&#8221;][vc_column][\/vc_column][\/vc_row][vc_row css=&#8221;.vc_custom_1719041120748{margin-top: -177px !important;margin-bottom: 64px !important;}&#8221;][vc_column][stm_contact_form form=&#8221;2176&#8243; title=&#8221;Contacte-nos&#8221; css=&#8221;.vc_custom_1719040297279{padding-bottom: 50px !important;}&#8221;][\/vc_column][\/vc_row][vc_row css=&#8221;.vc_custom_1452251533394{margin-bottom: 40px !important;}&#8221;][vc_column css=&#8221;.vc_custom_1718018671298{margin-bottom: 25px !important;}&#8221; offset=&#8221;vc_col-lg-4 vc_col-md-12&#8243;][vc_row_inner][vc_column_inner][stm_icon_box title_holder=&#8221;h4&#8243; box_bg_color=&#8221;rgba(255,255,255,0.01)&#8221; box_text_color=&#8221;#232628&#8243; icon=&#8221;fa fa-solid fa-person&#8221; icon_size=&#8221;31&#8243; title=&#8221;Diretor de Vendas&#8221; css=&#8221;.vc_custom_1767002413337{margin-bottom: 28px !important;padding-top: 0px !important;padding-right: 0px !important;padding-bottom: 0px !important;padding-left: 0px !important;}&#8221; css_icon=&#8221;.vc_custom_1767002413336{margin-top: 2px !important;margin-right: 23px !important;margin-left: 4px !important;}&#8221;]<span style=\"font-size: 14pt;\">Miguel Gon\u00e7alves<\/span><\/p>\n<p><span style=\"font-size: 14pt;\">miguel@algarveboatgroup.com<\/span><\/p>\n<p><span style=\"font-size: 14pt;\">+351 963692451<\/span>[\/stm_icon_box][stm_icon_box title_holder=&#8221;h4&#8243; box_bg_color=&#8221;rgba(255,255,255,0.01)&#8221; box_text_color=&#8221;#232628&#8243; icon=&#8221;stm-icon-pin&#8221; icon_size=&#8221;31&#8243; title=&#8221;Morada&#8221; css=&#8221;.vc_custom_1718248968438{margin-bottom: 28px !important;padding-top: 0px !important;padding-right: 0px !important;padding-bottom: 0px !important;padding-left: 0px !important;}&#8221; css_icon=&#8221;.vc_custom_1718248968438{margin-top: 2px !important;margin-right: 23px !important;margin-left: 4px !important;}&#8221;]Algarve Boat Sales<br \/>\nMarina de Lagos, Loja 11<br \/>\nLagos 8600-780<br \/>\nPortugal[\/stm_icon_box][stm_icon_box title_holder=&#8221;h4&#8243; box_bg_color=&#8221;rgba(255,255,255,0.01)&#8221; box_text_color=&#8221;#232628&#8243; icon=&#8221;stm-icon-phone&#8221; icon_size=&#8221;31&#8243; title=&#8221;Telefone&#8221; css=&#8221;.vc_custom_1718248978475{margin-bottom: 27px !important;padding-top: 0px !important;padding-right: 0px !important;padding-bottom: 0px !important;padding-left: 0px !important;}&#8221; css_icon=&#8221;.vc_custom_1718248978474{margin-top: 2px !important;margin-right: 23px !important;margin-left: 4px !important;}&#8221;](+351) 282 045 109<br \/>\n(+44) 330 808 0317<br \/>\n(+1) 330 356 5931[\/stm_icon_box][stm_icon_box title_holder=&#8221;h4&#8243; box_bg_color=&#8221;rgba(255,255,255,0.01)&#8221; box_text_color=&#8221;#232628&#8243; icon=&#8221;stm-icon-time&#8221; icon_size=&#8221;31&#8243; title=&#8221;Hor\u00e1rio de Vendas&#8221; css=&#8221;.vc_custom_1718017371011{padding-top: 0px !important;padding-right: 0px !important;padding-bottom: 0px !important;padding-left: 0px !important;}&#8221; line_height=&#8221;18&#8243; css_icon=&#8221;.vc_custom_1718017371010{margin-top: 2px !important;margin-right: 23px !important;margin-left: 4px !important;}&#8221;]SEGUNDA \u2013 SEXTA-FEIRA 9:00 \u2013 17:00[\/stm_icon_box][\/vc_column_inner][\/vc_row_inner][\/vc_column][vc_column css=&#8221;.vc_custom_1448867270861{margin-bottom: 25px !important;}&#8221; offset=&#8221;vc_col-lg-8 vc_col-md-12&#8243;][vc_column_text css=&#8221;.vc_custom_1718249014471{margin-bottom: 20px !important;}&#8221; el_class=&#8221;heading-font&#8221;]<em style=\"font-size: 12px; font-weight: bold;\">Encontrar\u00e1 o nosso escrit\u00f3rio no r\u00e9s do ch\u00e3o da Marina de Lagos \u2013 mesmo no meio, junto ao bar e caf\u00e9 Artes\u00e3o.<\/em>[\/vc_column_text][\/vc_column][\/vc_row]<\/p>\n<\/div>","protected":false},"excerpt":{"rendered":"<p>[vc_row full_width=&#8221;stretch_row_content_no_spaces&#8221; content_placement=&#8221;middle&#8221; css=&#8221;.vc_custom_1720440151890{margin-top: -95px !important;padding-top: 245px !important;padding-bottom: 245px !important;background-image: url(http:\/\/www.algarveboatsales.com\/wp-content\/uploads\/2024\/07\/spx_38_general-1.jpg?id=3984) !important;background-position: center !important;background-repeat: no-repeat !important;background-size: cover !important;}&#8221; el_class=&#8221;stm-fullwidth-with-parallax-&#8221; el_id=&#8221;oferta&#8221;][vc_column][\/vc_column][\/vc_row][vc_row css=&#8221;.vc_custom_1719041120748{margin-top: -177px !important;margin-bottom: 64px !important;}&#8221;][vc_column][stm_contact_form form=&#8221;2176&#8243; title=&#8221;Contacte-nos&#8221; css=&#8221;.vc_custom_1719040297279{padding-bottom: 50px !important;}&#8221;][\/vc_column][\/vc_row][vc_row css=&#8221;.vc_custom_1452251533394{margin-bottom: 40px !important;}&#8221;][vc_column css=&#8221;.vc_custom_1718018671298{margin-bottom: 25px !important;}&#8221; offset=&#8221;vc_col-lg-4 vc_col-md-12&#8243;][vc_row_inner][vc_column_inner][stm_icon_box title_holder=&#8221;h4&#8243; box_bg_color=&#8221;rgba(255,255,255,0.01)&#8221; box_text_color=&#8221;#232628&#8243; icon=&#8221;fa fa-solid fa-person&#8221; icon_size=&#8221;31&#8243; title=&#8221;Diretor de Vendas&#8221; css=&#8221;.vc_custom_1767002413337{margin-bottom: 28px !important;padding-top: 0px !important;padding-right: 0px !important;padding-bottom:&#8230;<\/p>\n","protected":false},"author":6,"featured_media":0,"parent":0,"menu_order":0,"comment_status":"closed","ping_status":"closed","template":"","meta":{"footnotes":""},"class_list":["post-5673","page","type-page","status-publish","hentry"],"jetpack_sharing_enabled":true,"_links":{"self":[{"href":"https:\/\/www.algarveboatsales.com\/pt-pt\/wp-json\/wp\/v2\/pages\/5673","targetHints":{"allow":["GET"]}}],"collection":[{"href":"https:\/\/www.algarveboatsales.com\/pt-pt\/wp-json\/wp\/v2\/pages"}],"about":[{"href":"https:\/\/www.algarveboatsales.com\/pt-pt\/wp-json\/wp\/v2\/types\/page"}],"author":[{"embeddable":true,"href":"https:\/\/www.algarveboatsales.com\/pt-pt\/wp-json\/wp\/v2\/users\/6"}],"replies":[{"embeddable":true,"href":"https:\/\/www.algarveboatsales.com\/pt-pt\/wp-json\/wp\/v2\/comments?post=5673"}],"version-history":[{"count":2,"href":"https:\/\/www.algarveboatsales.com\/pt-pt\/wp-json\/wp\/v2\/pages\/5673\/revisions"}],"predecessor-version":[{"id":5677,"href":"https:\/\/www.algarveboatsales.com\/pt-pt\/wp-json\/wp\/v2\/pages\/5673\/revisions\/5677"}],"wp:attachment":[{"href":"https:\/\/www.algarveboatsales.com\/pt-pt\/wp-json\/wp\/v2\/media?parent=5673"}],"curies":[{"name":"wp","href":"https:\/\/api.w.org\/{rel}","templated":true}]}}